{"id":266,"date":"2023-12-23T22:21:32","date_gmt":"2023-12-23T21:21:32","guid":{"rendered":"https:\/\/swisstream.net\/?page_id=266"},"modified":"2023-12-24T16:15:49","modified_gmt":"2023-12-24T15:15:49","slug":"politica-sulla-privacy","status":"publish","type":"page","link":"https:\/\/swisstream.net\/it\/politica-sulla-privacy\/","title":{"rendered":"Politica sulla Privacy"},"content":{"rendered":"<div data-elementor-type=\"wp-page\" data-elementor-id=\"266\" class=\"elementor elementor-266\" data-elementor-post-type=\"page\">\n\t\t\t\t<div class=\"has_eae_slider elementor-element elementor-element-517b8396 e-flex e-con-boxed e-con e-parent\" data-eae-slider=\"35345\" data-particle_enable=\"false\" data-particle-mobile-disabled=\"false\" data-id=\"517b8396\" data-element_type=\"container\" data-e-type=\"container\">\n\t\t\t\t\t<div class=\"e-con-inner\">\n\t\t\t\t<div class=\"elementor-element elementor-element-103373c elementor-widget elementor-widget-heading\" data-id=\"103373c\" data-element_type=\"widget\" data-e-type=\"widget\" data-widget_type=\"heading.default\">\n\t\t\t\t<div class=\"elementor-widget-container\">\n\t\t\t\t\t<h2 class=\"elementor-heading-title elementor-size-default\">Politica sulla Privacy\n<\/h2>\t\t\t\t<\/div>\n\t\t\t\t<\/div>\n\t\t\t\t<div class=\"elementor-element elementor-element-0444bf4 elementor-widget elementor-widget-heading\" data-id=\"0444bf4\" data-element_type=\"widget\" data-e-type=\"widget\" data-widget_type=\"heading.default\">\n\t\t\t\t<div class=\"elementor-widget-container\">\n\t\t\t\t\t<h2 class=\"elementor-heading-title elementor-size-default\">Swisstream - Politica sulla Privacy<\/h2>\t\t\t\t<\/div>\n\t\t\t\t<\/div>\n\t\t\t\t<div class=\"elementor-element elementor-element-2e0921b1 elementor-widget elementor-widget-text-editor\" data-id=\"2e0921b1\" data-element_type=\"widget\" data-e-type=\"widget\" data-widget_type=\"text-editor.default\">\n\t\t\t\t<div class=\"elementor-widget-container\">\n\t\t\t\t\t\t\t\t\t\n<p>Presso Swisstream, la riservatezza dei nostri visitatori \u00e8 una delle nostre principali priorit\u00e0. Questo documento di politica sulla privacy contiene i tipi di informazioni raccolte e registrate da Swisstream e come le utilizziamo. Se avete ulteriori domande o necessitate di maggiori informazioni sulla nostra politica sulla privacy, non esitate a contattarci. Questa politica sulla privacy si applica esclusivamente alle nostre attivit\u00e0 online ed \u00e8 valida per i visitatori del nostro sito web per quanto riguarda le informazioni che condividono e\/o raccolgono su Swisstream. Questa politica non \u00e8 applicabile alle informazioni raccolte offline o tramite canali diversi da questo sito web.<\/p>\n\n<p><strong>Consenso<\/strong><\/p>\n\n<p>Utilizzando il nostro sito web, acconsentite alla nostra Politica sulla Privacy e accettate i suoi termini.<\/p>\n\n<p><strong><br \/>Informazioni che raccogliamo<\/strong><\/p>\n\n<p>Le informazioni personali che vi vengono richieste, cos\u00ec come i motivi di questa richiesta, vi saranno chiaramente indicate nel momento in cui vi chiederemo di fornire le vostre informazioni personali. Se ci contattate direttamente, possiamo ricevere ulteriori informazioni su di voi, come il vostro nome, indirizzo e-mail, numero di telefono, il contenuto del messaggio e\/o degli allegati che potreste inviarci, nonch\u00e9 qualsiasi altra informazione che scegliete di fornire. Quando vi registrate per un account, possiamo chiedervi i vostri dati di contatto, inclusi elementi come il vostro nome, il nome della vostra azienda, il vostro indirizzo, l'indirizzo e-mail e il numero di telefono.<\/p>\n\n<p><strong>Come utilizziamo le vostre informazioni<\/strong><\/p>\n\n<p>Utilizziamo le informazioni che raccogliamo in vari modi, tra cui:<\/p>\n\n<ul class=\"wp-block-list\">\n<li>Fornire, gestire e mantenere il nostro sito web<\/li>\n\n<li>Migliorare, personalizzare ed espandere il nostro sito web<\/li>\n\n<li>Comprendere e analizzare come utilizzate il nostro sito web<\/li>\n\n<li>Sviluppare nuovi prodotti, servizi, funzionalit\u00e0 e caratteristiche<\/li>\n\n<li>Comunicare con voi, sia direttamente che tramite uno dei nostri partner, incluso il servizio clienti, fornirvi aggiornamenti e altre informazioni relative al sito web, e per scopi di marketing e promozionali<\/li>\n\n<li>Inviarvi e-mail<\/li>\n\n<li>Individuare e prevenire frodi<\/li>\n<\/ul>\n\n<p><strong>File di log<\/strong><\/p>\n\n<p>Swisstream segue una procedura standard di utilizzo dei file di log. Questi file registrano i visitatori quando consultano siti web. Tutte le societ\u00e0 di hosting lo fanno ed \u00e8 una parte delle analisi dei servizi di hosting. Le informazioni raccolte dai file di log includono gli indirizzi di protocollo Internet (IP), il tipo di browser, il fornitore di servizi Internet (ISP), la data e l'ora, le pagine di riferimento\/uscita e possibilmente il numero di clic. Queste informazioni non sono collegate a informazioni personali identificabili. Lo scopo di queste informazioni \u00e8 analizzare le tendenze, amministrare il sito, tracciare i movimenti degli utenti sul sito e raccogliere informazioni demografiche.<\/p>\n\n<p><strong>Cookie e web beacon<\/strong><\/p>\n\n<p>Come qualsiasi altro sito web, Swisstream utilizza i \"cookie\". Questi cookie vengono utilizzati per memorizzare informazioni, comprese le preferenze dei visitatori e le pagine del sito web che il visitatore ha consultato o visitato. Le informazioni vengono utilizzate per ottimizzare l'esperienza degli utenti personalizzando il contenuto della nostra pagina web in base al tipo di browser dei visitatori e\/o ad altre informazioni.<\/p>\n\n<p><strong>Politiche sulla privacy dei partner pubblicitari<\/strong><\/p>\n\n<p>\u00c8 possibile consultare questo elenco per trovare la politica sulla privacy di ciascuno dei partner pubblicitari di Swisstream. I server pubblicitari di terze parti o le reti pubblicitarie utilizzano tecnologie come i cookie, JavaScript o web beacon che vengono utilizzati nelle loro pubblicit\u00e0 e nei link rispettivi che appaiono su Swisstream e che vengono inviati direttamente al browser degli utenti. Ricevono automaticamente il vostro indirizzo IP quando ci\u00f2 avviene. Queste tecnologie sono utilizzate per misurare l\u2019efficacia delle loro campagne pubblicitarie e\/o per personalizzare il contenuto pubblicitario che vedete sui siti web che visitate. Notate che Swisstream non ha accesso a questi cookie utilizzati dagli inserzionisti di terze parti e non ha alcun controllo su di essi.<\/p>\n\n<p><strong>Politiche sulla privacy di terze parti<\/strong><\/p>\n\n<p>La politica sulla privacy di Swisstream non si applica ad altri inserzionisti o siti web. Pertanto, vi consigliamo di consultare le politiche sulla privacy rispettive di questi server pubblicitari di terze parti per informazioni pi\u00f9 dettagliate. Questo pu\u00f2 includere le loro pratiche e istruzioni su come disattivare alcune opzioni. Potete scegliere di disattivare i cookie tramite le opzioni del vostro browser. Per ottenere informazioni pi\u00f9 dettagliate sulla gestione dei cookie con specifici browser web, potete trovarle sui siti web rispettivi dei browser.<\/p>\n\n<p><strong>Diritti di privacy CCPA (Non vendere le mie informazioni personali)<\/strong><\/p>\n\n<p>Ai sensi del CCPA, tra gli altri diritti, i consumatori californiani hanno il diritto di:<\/p>\n\n<ul class=\"wp-block-list\">\n<li>Richiedere a un'azienda che raccoglie i dati personali di un consumatore di divulgare le categorie e i pezzi specifici di dati personali che un'azienda ha raccolto sui consumatori.<\/li>\n\n<li>Richiedere a un'azienda di eliminare tutti i dati personali raccolti sull'utente.<\/li>\n\n<li>Richiedere a un'azienda che vende i dati personali di un consumatore di non vendere tali dati personali.<\/li>\n<\/ul>\n\n<p>Se fate una richiesta, abbiamo un mese di tempo per rispondervi. Se desiderate esercitare uno di questi diritti, vi preghiamo di contattarci.<\/p>\n\n<p><strong>Diritti di protezione dei dati GDPR<\/strong><\/p>\n\n<p>Vogliamo assicurarci che siate pienamente consapevoli di tutti i vostri diritti di protezione dei dati. Ogni utente ha diritto ai seguenti elementi:<\/p>\n\n<ul class=\"wp-block-list\">\n<li>Diritto di accesso \u2013 Avete il diritto di richiedere copie dei vostri dati personali. Possiamo addebitare una piccola tariffa per questo servizio.<\/li>\n\n<li>Diritto di rettifica \u2013 Avete il diritto di richiedere la correzione di qualsiasi informazione che ritenete inesatta. Avete anche il diritto di richiedere che completiamo le informazioni che ritenete incomplete.<\/li>\n\n<li>Diritto alla cancellazione \u2013 Avete il diritto di richiedere la cancellazione dei vostri dati personali, a determinate condizioni.<\/li>\n\n<li>Diritto di limitare il trattamento \u2013 Avete il diritto di richiedere la limitazione del trattamento dei vostri dati personali, a determinate condizioni.<\/li>\n\n<li>Diritto di opposizione al trattamento \u2013 Avete il diritto di opporvi al trattamento dei vostri dati personali, a determinate condizioni.<\/li>\n\n<li>Diritto alla portabilit\u00e0 dei dati \u2013 Avete il diritto di richiedere il trasferimento dei dati che abbiamo raccolto a un'altra organizzazione, o direttamente a voi, a determinate condizioni.<\/li>\n<\/ul>\n\n<p>Se fate una richiesta, abbiamo un mese di tempo per rispondervi. Se desiderate esercitare uno di questi diritti, vi preghiamo di contattarci.<\/p>\n\n<p><strong>Informazioni riguardanti i bambini<\/strong><\/p>\n\n<p>Un'altra parte della nostra priorit\u00e0 \u00e8 aggiungere una protezione per i bambini quando usano Internet. Incoraggiamo i genitori e i tutori a osservare, partecipare e\/o monitorare e guidare l'attivit\u00e0 online dei loro bambini. Swisstream non raccoglie consapevolmente alcuna informazione di identificazione personale da bambini di et\u00e0 inferiore ai 13 anni. Se pensate che vostro figlio abbia fornito questo tipo di informazioni sul nostro sito web, vi incoraggiamo vivamente a contattarci immediatamente e faremo del nostro meglio per rimuovere rapidamente tali informazioni dai nostri archivi.<\/p>\n\t\t\t\t\t\t\t\t<\/div>\n\t\t\t\t<\/div>\n\t\t\t\t\t<\/div>\n\t\t\t\t<\/div>\n\t\t\t\t<\/div>","protected":false},"excerpt":{"rendered":"<p>Politique de Confidentialit\u00e9 Swisstream &#8211; Politique de Confidentialit\u00e9 Chez Swisstream, la confidentialit\u00e9 de nos visiteurs est l&rsquo;une de nos principales priorit\u00e9s. Ce document de politique de confidentialit\u00e9 contient les types d&rsquo;informations collect\u00e9es et enregistr\u00e9es par Swisstream et comment nous les utilisons. Si vous avez des questions suppl\u00e9mentaires ou si vous avez besoin de plus d&rsquo;informations [&hellip;]<\/p>\n","protected":false},"author":1,"featured_media":0,"parent":0,"menu_order":0,"comment_status":"closed","ping_status":"closed","template":"","meta":{"_monsterinsights_skip_tracking":false,"_monsterinsights_sitenote_active":false,"_monsterinsights_sitenote_note":"","_monsterinsights_sitenote_category":0,"footnotes":""},"class_list":["post-266","page","type-page","status-publish","hentry"],"yoast_head":"<!-- This site is optimized with the Yoast SEO plugin v27.4 - https:\/\/yoast.com\/product\/yoast-seo-wordpress\/ -->\n<title>Politique de Confidentialit\u00e9 - Abonnement IPTV Suisse<\/title>\n<meta name=\"robots\" content=\"index, follow, max-snippet:-1, max-image-preview:large, max-video-preview:-1\" \/>\n<link rel=\"canonical\" href=\"https:\/\/swisstream.net\/it\/politica-sulla-privacy\/\" \/>\n<meta property=\"og:locale\" content=\"it_IT\" \/>\n<meta property=\"og:type\" content=\"article\" \/>\n<meta property=\"og:title\" content=\"Politique de Confidentialit\u00e9 - Abonnement IPTV Suisse\" \/>\n<meta property=\"og:description\" content=\"Politique de Confidentialit\u00e9 Swisstream &#8211; Politique de Confidentialit\u00e9 Chez Swisstream, la confidentialit\u00e9 de nos visiteurs est l&rsquo;une de nos principales priorit\u00e9s. Ce document de politique de confidentialit\u00e9 contient les types d&rsquo;informations collect\u00e9es et enregistr\u00e9es par Swisstream et comment nous les utilisons. Si vous avez des questions suppl\u00e9mentaires ou si vous avez besoin de plus d&rsquo;informations [&hellip;]\" \/>\n<meta property=\"og:url\" content=\"https:\/\/swisstream.net\/it\/politica-sulla-privacy\/\" \/>\n<meta property=\"og:site_name\" content=\"Abonnement IPTV Suisse\" \/>\n<meta property=\"article:modified_time\" content=\"2023-12-24T15:15:49+00:00\" \/>\n<meta property=\"og:image\" content=\"https:\/\/swisstream.net\/wp-content\/uploads\/2024\/04\/suisse-iptv-1.webp\" \/>\n\t<meta property=\"og:image:width\" content=\"1200\" \/>\n\t<meta property=\"og:image:height\" content=\"675\" \/>\n\t<meta property=\"og:image:type\" content=\"image\/webp\" \/>\n<meta name=\"twitter:card\" content=\"summary_large_image\" \/>\n<meta name=\"twitter:label1\" content=\"Tempo di lettura stimato\" \/>\n\t<meta name=\"twitter:data1\" content=\"6 minuti\" \/>\n<script type=\"application\/ld+json\" class=\"yoast-schema-graph\">{\"@context\":\"https:\\\/\\\/schema.org\",\"@graph\":[{\"@type\":\"WebPage\",\"@id\":\"https:\\\/\\\/swisstream.net\\\/politique-de-confidentialite\\\/\",\"url\":\"https:\\\/\\\/swisstream.net\\\/politique-de-confidentialite\\\/\",\"name\":\"Politique de Confidentialit\u00e9 - Abonnement IPTV Suisse\",\"isPartOf\":{\"@id\":\"https:\\\/\\\/swisstream.net\\\/#website\"},\"datePublished\":\"2023-12-23T21:21:32+00:00\",\"dateModified\":\"2023-12-24T15:15:49+00:00\",\"breadcrumb\":{\"@id\":\"https:\\\/\\\/swisstream.net\\\/politique-de-confidentialite\\\/#breadcrumb\"},\"inLanguage\":\"it-IT\",\"potentialAction\":[{\"@type\":\"ReadAction\",\"target\":[\"https:\\\/\\\/swisstream.net\\\/politique-de-confidentialite\\\/\"]}]},{\"@type\":\"BreadcrumbList\",\"@id\":\"https:\\\/\\\/swisstream.net\\\/politique-de-confidentialite\\\/#breadcrumb\",\"itemListElement\":[{\"@type\":\"ListItem\",\"position\":1,\"name\":\"Home\",\"item\":\"https:\\\/\\\/swisstream.net\\\/\"},{\"@type\":\"ListItem\",\"position\":2,\"name\":\"Politique de Confidentialit\u00e9\"}]},{\"@type\":\"WebSite\",\"@id\":\"https:\\\/\\\/swisstream.net\\\/#website\",\"url\":\"https:\\\/\\\/swisstream.net\\\/\",\"name\":\"Swisstream\",\"description\":\"Abonnement IPTV Suisse \u2013 Test Gratuit Disponible\",\"publisher\":{\"@id\":\"https:\\\/\\\/swisstream.net\\\/#organization\"},\"alternateName\":\"swisstream iptv\",\"potentialAction\":[{\"@type\":\"SearchAction\",\"target\":{\"@type\":\"EntryPoint\",\"urlTemplate\":\"https:\\\/\\\/swisstream.net\\\/?s={search_term_string}\"},\"query-input\":{\"@type\":\"PropertyValueSpecification\",\"valueRequired\":true,\"valueName\":\"search_term_string\"}}],\"inLanguage\":\"it-IT\"},{\"@type\":\"Organization\",\"@id\":\"https:\\\/\\\/swisstream.net\\\/#organization\",\"name\":\"Swisstream\",\"alternateName\":\"swisstream iptv\",\"url\":\"https:\\\/\\\/swisstream.net\\\/\",\"logo\":{\"@type\":\"ImageObject\",\"inLanguage\":\"it-IT\",\"@id\":\"https:\\\/\\\/swisstream.net\\\/#\\\/schema\\\/logo\\\/image\\\/\",\"url\":\"https:\\\/\\\/swisstream.net\\\/wp-content\\\/uploads\\\/2024\\\/04\\\/WhatsApp-Image-2024-03-17-at-16.52.38_44da6d17.webp\",\"contentUrl\":\"https:\\\/\\\/swisstream.net\\\/wp-content\\\/uploads\\\/2024\\\/04\\\/WhatsApp-Image-2024-03-17-at-16.52.38_44da6d17.webp\",\"width\":1200,\"height\":1200,\"caption\":\"Swisstream\"},\"image\":{\"@id\":\"https:\\\/\\\/swisstream.net\\\/#\\\/schema\\\/logo\\\/image\\\/\"}}]}<\/script>\n<!-- \/ Yoast SEO plugin. -->","yoast_head_json":{"title":"Politique de Confidentialit\u00e9 - Abonnement IPTV Suisse","robots":{"index":"index","follow":"follow","max-snippet":"max-snippet:-1","max-image-preview":"max-image-preview:large","max-video-preview":"max-video-preview:-1"},"canonical":"https:\/\/swisstream.net\/it\/politica-sulla-privacy\/","og_locale":"it_IT","og_type":"article","og_title":"Politique de Confidentialit\u00e9 - Abonnement IPTV Suisse","og_description":"Politique de Confidentialit\u00e9 Swisstream &#8211; Politique de Confidentialit\u00e9 Chez Swisstream, la confidentialit\u00e9 de nos visiteurs est l&rsquo;une de nos principales priorit\u00e9s. Ce document de politique de confidentialit\u00e9 contient les types d&rsquo;informations collect\u00e9es et enregistr\u00e9es par Swisstream et comment nous les utilisons. Si vous avez des questions suppl\u00e9mentaires ou si vous avez besoin de plus d&rsquo;informations [&hellip;]","og_url":"https:\/\/swisstream.net\/it\/politica-sulla-privacy\/","og_site_name":"Abonnement IPTV Suisse","article_modified_time":"2023-12-24T15:15:49+00:00","og_image":[{"width":1200,"height":675,"url":"https:\/\/swisstream.net\/wp-content\/uploads\/2024\/04\/suisse-iptv-1.webp","type":"image\/webp"}],"twitter_card":"summary_large_image","twitter_misc":{"Tempo di lettura stimato":"6 minuti"},"schema":{"@context":"https:\/\/schema.org","@graph":[{"@type":"WebPage","@id":"https:\/\/swisstream.net\/politique-de-confidentialite\/","url":"https:\/\/swisstream.net\/politique-de-confidentialite\/","name":"Politique de Confidentialit\u00e9 - Abonnement IPTV Suisse","isPartOf":{"@id":"https:\/\/swisstream.net\/#website"},"datePublished":"2023-12-23T21:21:32+00:00","dateModified":"2023-12-24T15:15:49+00:00","breadcrumb":{"@id":"https:\/\/swisstream.net\/politique-de-confidentialite\/#breadcrumb"},"inLanguage":"it-IT","potentialAction":[{"@type":"ReadAction","target":["https:\/\/swisstream.net\/politique-de-confidentialite\/"]}]},{"@type":"BreadcrumbList","@id":"https:\/\/swisstream.net\/politique-de-confidentialite\/#breadcrumb","itemListElement":[{"@type":"ListItem","position":1,"name":"Home","item":"https:\/\/swisstream.net\/"},{"@type":"ListItem","position":2,"name":"Politique de Confidentialit\u00e9"}]},{"@type":"WebSite","@id":"https:\/\/swisstream.net\/#website","url":"https:\/\/swisstream.net\/","name":"Swisstream","description":"Abbonamento IPTV Svizzero \u2013 Prova Gratuita Disponibile","publisher":{"@id":"https:\/\/swisstream.net\/#organization"},"alternateName":"swisstream iptv","potentialAction":[{"@type":"SearchAction","target":{"@type":"EntryPoint","urlTemplate":"https:\/\/swisstream.net\/?s={search_term_string}"},"query-input":{"@type":"PropertyValueSpecification","valueRequired":true,"valueName":"search_term_string"}}],"inLanguage":"it-IT"},{"@type":"Organization","@id":"https:\/\/swisstream.net\/#organization","name":"Swisstream","alternateName":"swisstream iptv","url":"https:\/\/swisstream.net\/","logo":{"@type":"ImageObject","inLanguage":"it-IT","@id":"https:\/\/swisstream.net\/#\/schema\/logo\/image\/","url":"https:\/\/swisstream.net\/wp-content\/uploads\/2024\/04\/WhatsApp-Image-2024-03-17-at-16.52.38_44da6d17.webp","contentUrl":"https:\/\/swisstream.net\/wp-content\/uploads\/2024\/04\/WhatsApp-Image-2024-03-17-at-16.52.38_44da6d17.webp","width":1200,"height":1200,"caption":"Swisstream"},"image":{"@id":"https:\/\/swisstream.net\/#\/schema\/logo\/image\/"}}]}},"_links":{"self":[{"href":"https:\/\/swisstream.net\/it\/wp-json\/wp\/v2\/pages\/266","targetHints":{"allow":["GET"]}}],"collection":[{"href":"https:\/\/swisstream.net\/it\/wp-json\/wp\/v2\/pages"}],"about":[{"href":"https:\/\/swisstream.net\/it\/wp-json\/wp\/v2\/types\/page"}],"author":[{"embeddable":true,"href":"https:\/\/swisstream.net\/it\/wp-json\/wp\/v2\/users\/1"}],"replies":[{"embeddable":true,"href":"https:\/\/swisstream.net\/it\/wp-json\/wp\/v2\/comments?post=266"}],"version-history":[{"count":0,"href":"https:\/\/swisstream.net\/it\/wp-json\/wp\/v2\/pages\/266\/revisions"}],"wp:attachment":[{"href":"https:\/\/swisstream.net\/it\/wp-json\/wp\/v2\/media?parent=266"}],"curies":[{"name":"wp","href":"https:\/\/api.w.org\/{rel}","templated":true}]}}