{"id":235,"date":"2023-12-22T18:38:23","date_gmt":"2023-12-22T17:38:23","guid":{"rendered":"https:\/\/swisstream.net\/?page_id=235"},"modified":"2024-07-27T21:59:50","modified_gmt":"2024-07-27T20:59:50","slug":"politica-di-rimborso","status":"publish","type":"page","link":"https:\/\/swisstream.net\/it\/politica-di-rimborso\/","title":{"rendered":"Politica di Rimborso"},"content":{"rendered":"<div data-elementor-type=\"wp-page\" data-elementor-id=\"235\" class=\"elementor elementor-235\" data-elementor-post-type=\"page\">\n\t\t\t\t<div class=\"has_eae_slider elementor-element elementor-element-150c0ee3 e-flex e-con-boxed e-con e-parent\" data-eae-slider=\"22931\" data-particle_enable=\"false\" data-particle-mobile-disabled=\"false\" data-id=\"150c0ee3\" data-element_type=\"container\" data-e-type=\"container\">\n\t\t\t\t\t<div class=\"e-con-inner\">\n\t\t\t\t<div class=\"elementor-element elementor-element-90e0ee1 elementor-widget elementor-widget-heading\" data-id=\"90e0ee1\" data-element_type=\"widget\" data-e-type=\"widget\" data-widget_type=\"heading.default\">\n\t\t\t\t<div class=\"elementor-widget-container\">\n\t\t\t\t\t<h2 class=\"elementor-heading-title elementor-size-default\">Politica di Rimborso<\/h2>\t\t\t\t<\/div>\n\t\t\t\t<\/div>\n\t\t\t\t<div class=\"elementor-element elementor-element-7320c723 elementor-widget-mobile__width-inherit elementor-widget elementor-widget-text-editor\" data-id=\"7320c723\" data-element_type=\"widget\" data-e-type=\"widget\" data-widget_type=\"text-editor.default\">\n\t\t\t\t<div class=\"elementor-widget-container\">\n\t\t\t\t\t\t\t\t\t<p>Presso <strong>Swisstream<\/strong>, ci impegniamo a garantire che siate completamente soddisfatti del vostro acquisto. Se riscontrate problemi tecnici o di vendita, non esitate a contattarci al seguente indirizzo: <strong><span style=\"text-decoration: underline;\"><a target=\"_new\">support@swisstream.ch<\/a><\/span><\/strong><\/p><p>Nel caso in cui il nostro supporto tecnico non risolva il vostro problema entro 10 giorni lavorativi, avete la possibilit\u00e0 di ottenere un rimborso completo.\u00a0<\/p><p>Vogliamo sistemare le cose e assicurarci che i nostri servizi siano molto stabili nella maggior parte dei casi e che non incontrerete problemi che non possiamo risolvere. Il rimborso vi coprir\u00e0 in tutti i casi di problemi derivanti dal nostro lato tecnico.<\/p><p>Vorremmo sentire la vostra opinione per darci l'opportunit\u00e0 di migliorarci e risolvere ogni problema. Tuttavia, se necessario, ci impegniamo a rimborsarvi entro 7 giorni se non siete soddisfatti dei nostri servizi. Seguite le istruzioni qui sotto per ottenere un rimborso completo entro 7 giorni dall'acquisto.\u00a0<\/p><p>Si prega di notare che facciamo del nostro meglio per seguire la nostra politica e rimborsarvi il pi\u00f9 rapidamente possibile. Tuttavia, a causa di circostanze impreviste come i processori di pagamento, le banche e le istituzioni finanziarie, il rimborso potrebbe richiedere fino a 15 giorni per apparire sul vostro conto bancario. Una volta che un abbonamento \u00e8 terminato e rimborsato, non potrete pi\u00f9 abbonarvi ai nostri servizi presso <strong>Swisstream<\/strong> in futuro.<\/p><p><strong>Come Richiedere un Rimborso?<\/strong><\/p><p>\u00a0Si prega di seguire le istruzioni qui sotto affinch\u00e9 possiamo elaborare il vostro rimborso.<\/p><ol><li>Compilate il modulo di contatto per richiedere un rimborso.<\/li><li>L'indirizzo e-mail non deve essere diverso da quello che avete utilizzato durante l'abbonamento e l'acquisto del nostro servizio.<\/li><\/ol><div>\u00a0<\/div><p>La vostra soddisfazione \u00e8 la nostra priorit\u00e0 assoluta e vi siamo profondamente grati per il vostro continuo supporto. Se avete altre domande, non esitate a farcelo sapere.<\/p><p>Grazie per far parte di <strong>Swisstream<\/strong>. Apprezziamo la vostra comprensione e cooperazione.<\/p>\t\t\t\t\t\t\t\t<\/div>\n\t\t\t\t<\/div>\n\t\t\t\t\t<\/div>\n\t\t\t\t<\/div>\n\t\t\t\t<\/div>","protected":false},"excerpt":{"rendered":"<p>Politique de Remboursement Chez Swisstream, nous tenons \u00e0 nous assurer que vous \u00eates pleinement satisfait de votre achat. Si vous rencontrez des probl\u00e8mes techniques ou de vente, n&rsquo;h\u00e9sitez pas \u00e0 nous contacter \u00e0 l&rsquo;adresse suivante : support@swisstream.ch En cas o\u00f9 notre support technique ne r\u00e9sout pas votre probl\u00e8me dans les 10 jours ouvrables, vous avez [&hellip;]<\/p>\n","protected":false},"author":1,"featured_media":0,"parent":0,"menu_order":0,"comment_status":"closed","ping_status":"closed","template":"","meta":{"_monsterinsights_skip_tracking":false,"_monsterinsights_sitenote_active":false,"_monsterinsights_sitenote_note":"","_monsterinsights_sitenote_category":0,"footnotes":""},"class_list":["post-235","page","type-page","status-publish","hentry"],"yoast_head":"<!-- This site is optimized with the Yoast SEO plugin v27.4 - https:\/\/yoast.com\/product\/yoast-seo-wordpress\/ -->\n<title>Politique de Remboursement - Abonnement IPTV Suisse<\/title>\n<meta name=\"robots\" content=\"index, follow, max-snippet:-1, max-image-preview:large, max-video-preview:-1\" \/>\n<link rel=\"canonical\" href=\"https:\/\/swisstream.net\/it\/politica-di-rimborso\/\" \/>\n<meta property=\"og:locale\" content=\"it_IT\" \/>\n<meta property=\"og:type\" content=\"article\" \/>\n<meta property=\"og:title\" content=\"Politique de Remboursement - Abonnement IPTV Suisse\" \/>\n<meta property=\"og:description\" content=\"Politique de Remboursement Chez Swisstream, nous tenons \u00e0 nous assurer que vous \u00eates pleinement satisfait de votre achat. Si vous rencontrez des probl\u00e8mes techniques ou de vente, n&rsquo;h\u00e9sitez pas \u00e0 nous contacter \u00e0 l&rsquo;adresse suivante : support@swisstream.ch En cas o\u00f9 notre support technique ne r\u00e9sout pas votre probl\u00e8me dans les 10 jours ouvrables, vous avez [&hellip;]\" \/>\n<meta property=\"og:url\" content=\"https:\/\/swisstream.net\/it\/politica-di-rimborso\/\" \/>\n<meta property=\"og:site_name\" content=\"Abonnement IPTV Suisse\" \/>\n<meta property=\"article:modified_time\" content=\"2024-07-27T20:59:50+00:00\" \/>\n<meta property=\"og:image\" content=\"https:\/\/swisstream.net\/wp-content\/uploads\/2024\/04\/suisse-iptv-1.webp\" \/>\n\t<meta property=\"og:image:width\" content=\"1200\" \/>\n\t<meta property=\"og:image:height\" content=\"675\" \/>\n\t<meta property=\"og:image:type\" content=\"image\/webp\" \/>\n<meta name=\"twitter:card\" content=\"summary_large_image\" \/>\n<meta name=\"twitter:label1\" content=\"Tempo di lettura stimato\" \/>\n\t<meta name=\"twitter:data1\" content=\"2 minuti\" \/>\n<script type=\"application\/ld+json\" class=\"yoast-schema-graph\">{\"@context\":\"https:\\\/\\\/schema.org\",\"@graph\":[{\"@type\":\"WebPage\",\"@id\":\"https:\\\/\\\/swisstream.net\\\/politique-de-remboursement\\\/\",\"url\":\"https:\\\/\\\/swisstream.net\\\/politique-de-remboursement\\\/\",\"name\":\"Politique de Remboursement - Abonnement IPTV Suisse\",\"isPartOf\":{\"@id\":\"https:\\\/\\\/swisstream.net\\\/#website\"},\"datePublished\":\"2023-12-22T17:38:23+00:00\",\"dateModified\":\"2024-07-27T20:59:50+00:00\",\"breadcrumb\":{\"@id\":\"https:\\\/\\\/swisstream.net\\\/politique-de-remboursement\\\/#breadcrumb\"},\"inLanguage\":\"it-IT\",\"potentialAction\":[{\"@type\":\"ReadAction\",\"target\":[\"https:\\\/\\\/swisstream.net\\\/politique-de-remboursement\\\/\"]}]},{\"@type\":\"BreadcrumbList\",\"@id\":\"https:\\\/\\\/swisstream.net\\\/politique-de-remboursement\\\/#breadcrumb\",\"itemListElement\":[{\"@type\":\"ListItem\",\"position\":1,\"name\":\"Home\",\"item\":\"https:\\\/\\\/swisstream.net\\\/\"},{\"@type\":\"ListItem\",\"position\":2,\"name\":\"Politique de Remboursement\"}]},{\"@type\":\"WebSite\",\"@id\":\"https:\\\/\\\/swisstream.net\\\/#website\",\"url\":\"https:\\\/\\\/swisstream.net\\\/\",\"name\":\"Swisstream\",\"description\":\"Abonnement IPTV Suisse \u2013 Test Gratuit Disponible\",\"publisher\":{\"@id\":\"https:\\\/\\\/swisstream.net\\\/#organization\"},\"alternateName\":\"swisstream iptv\",\"potentialAction\":[{\"@type\":\"SearchAction\",\"target\":{\"@type\":\"EntryPoint\",\"urlTemplate\":\"https:\\\/\\\/swisstream.net\\\/?s={search_term_string}\"},\"query-input\":{\"@type\":\"PropertyValueSpecification\",\"valueRequired\":true,\"valueName\":\"search_term_string\"}}],\"inLanguage\":\"it-IT\"},{\"@type\":\"Organization\",\"@id\":\"https:\\\/\\\/swisstream.net\\\/#organization\",\"name\":\"Swisstream\",\"alternateName\":\"swisstream iptv\",\"url\":\"https:\\\/\\\/swisstream.net\\\/\",\"logo\":{\"@type\":\"ImageObject\",\"inLanguage\":\"it-IT\",\"@id\":\"https:\\\/\\\/swisstream.net\\\/#\\\/schema\\\/logo\\\/image\\\/\",\"url\":\"https:\\\/\\\/swisstream.net\\\/wp-content\\\/uploads\\\/2024\\\/04\\\/WhatsApp-Image-2024-03-17-at-16.52.38_44da6d17.webp\",\"contentUrl\":\"https:\\\/\\\/swisstream.net\\\/wp-content\\\/uploads\\\/2024\\\/04\\\/WhatsApp-Image-2024-03-17-at-16.52.38_44da6d17.webp\",\"width\":1200,\"height\":1200,\"caption\":\"Swisstream\"},\"image\":{\"@id\":\"https:\\\/\\\/swisstream.net\\\/#\\\/schema\\\/logo\\\/image\\\/\"}}]}<\/script>\n<!-- \/ Yoast SEO plugin. -->","yoast_head_json":{"title":"Politique de Remboursement - Abonnement IPTV Suisse","robots":{"index":"index","follow":"follow","max-snippet":"max-snippet:-1","max-image-preview":"max-image-preview:large","max-video-preview":"max-video-preview:-1"},"canonical":"https:\/\/swisstream.net\/it\/politica-di-rimborso\/","og_locale":"it_IT","og_type":"article","og_title":"Politique de Remboursement - Abonnement IPTV Suisse","og_description":"Politique de Remboursement Chez Swisstream, nous tenons \u00e0 nous assurer que vous \u00eates pleinement satisfait de votre achat. Si vous rencontrez des probl\u00e8mes techniques ou de vente, n&rsquo;h\u00e9sitez pas \u00e0 nous contacter \u00e0 l&rsquo;adresse suivante : support@swisstream.ch En cas o\u00f9 notre support technique ne r\u00e9sout pas votre probl\u00e8me dans les 10 jours ouvrables, vous avez [&hellip;]","og_url":"https:\/\/swisstream.net\/it\/politica-di-rimborso\/","og_site_name":"Abonnement IPTV Suisse","article_modified_time":"2024-07-27T20:59:50+00:00","og_image":[{"width":1200,"height":675,"url":"https:\/\/swisstream.net\/wp-content\/uploads\/2024\/04\/suisse-iptv-1.webp","type":"image\/webp"}],"twitter_card":"summary_large_image","twitter_misc":{"Tempo di lettura stimato":"2 minuti"},"schema":{"@context":"https:\/\/schema.org","@graph":[{"@type":"WebPage","@id":"https:\/\/swisstream.net\/politique-de-remboursement\/","url":"https:\/\/swisstream.net\/politique-de-remboursement\/","name":"Politique de Remboursement - Abonnement IPTV Suisse","isPartOf":{"@id":"https:\/\/swisstream.net\/#website"},"datePublished":"2023-12-22T17:38:23+00:00","dateModified":"2024-07-27T20:59:50+00:00","breadcrumb":{"@id":"https:\/\/swisstream.net\/politique-de-remboursement\/#breadcrumb"},"inLanguage":"it-IT","potentialAction":[{"@type":"ReadAction","target":["https:\/\/swisstream.net\/politique-de-remboursement\/"]}]},{"@type":"BreadcrumbList","@id":"https:\/\/swisstream.net\/politique-de-remboursement\/#breadcrumb","itemListElement":[{"@type":"ListItem","position":1,"name":"Home","item":"https:\/\/swisstream.net\/"},{"@type":"ListItem","position":2,"name":"Politique de Remboursement"}]},{"@type":"WebSite","@id":"https:\/\/swisstream.net\/#website","url":"https:\/\/swisstream.net\/","name":"Swisstream","description":"Abbonamento IPTV Svizzero \u2013 Prova Gratuita Disponibile","publisher":{"@id":"https:\/\/swisstream.net\/#organization"},"alternateName":"swisstream iptv","potentialAction":[{"@type":"SearchAction","target":{"@type":"EntryPoint","urlTemplate":"https:\/\/swisstream.net\/?s={search_term_string}"},"query-input":{"@type":"PropertyValueSpecification","valueRequired":true,"valueName":"search_term_string"}}],"inLanguage":"it-IT"},{"@type":"Organization","@id":"https:\/\/swisstream.net\/#organization","name":"Swisstream","alternateName":"swisstream iptv","url":"https:\/\/swisstream.net\/","logo":{"@type":"ImageObject","inLanguage":"it-IT","@id":"https:\/\/swisstream.net\/#\/schema\/logo\/image\/","url":"https:\/\/swisstream.net\/wp-content\/uploads\/2024\/04\/WhatsApp-Image-2024-03-17-at-16.52.38_44da6d17.webp","contentUrl":"https:\/\/swisstream.net\/wp-content\/uploads\/2024\/04\/WhatsApp-Image-2024-03-17-at-16.52.38_44da6d17.webp","width":1200,"height":1200,"caption":"Swisstream"},"image":{"@id":"https:\/\/swisstream.net\/#\/schema\/logo\/image\/"}}]}},"_links":{"self":[{"href":"https:\/\/swisstream.net\/it\/wp-json\/wp\/v2\/pages\/235","targetHints":{"allow":["GET"]}}],"collection":[{"href":"https:\/\/swisstream.net\/it\/wp-json\/wp\/v2\/pages"}],"about":[{"href":"https:\/\/swisstream.net\/it\/wp-json\/wp\/v2\/types\/page"}],"author":[{"embeddable":true,"href":"https:\/\/swisstream.net\/it\/wp-json\/wp\/v2\/users\/1"}],"replies":[{"embeddable":true,"href":"https:\/\/swisstream.net\/it\/wp-json\/wp\/v2\/comments?post=235"}],"version-history":[{"count":6,"href":"https:\/\/swisstream.net\/it\/wp-json\/wp\/v2\/pages\/235\/revisions"}],"predecessor-version":[{"id":1222,"href":"https:\/\/swisstream.net\/it\/wp-json\/wp\/v2\/pages\/235\/revisions\/1222"}],"wp:attachment":[{"href":"https:\/\/swisstream.net\/it\/wp-json\/wp\/v2\/media?parent=235"}],"curies":[{"name":"wp","href":"https:\/\/api.w.org\/{rel}","templated":true}]}}