{"id":215,"date":"2023-12-22T15:01:02","date_gmt":"2023-12-22T14:01:02","guid":{"rendered":"https:\/\/swisstream.net\/?page_id=215"},"modified":"2024-07-27T22:36:17","modified_gmt":"2024-07-27T21:36:17","slug":"termini-e-condizioni","status":"publish","type":"page","link":"https:\/\/swisstream.net\/it\/termini-e-condizioni\/","title":{"rendered":"Termini e condizioni"},"content":{"rendered":"<div data-elementor-type=\"wp-page\" data-elementor-id=\"215\" class=\"elementor elementor-215\" data-elementor-post-type=\"page\">\n\t\t\t\t<div class=\"has_eae_slider elementor-element elementor-element-660d7b19 e-flex e-con-boxed e-con e-parent\" data-eae-slider=\"55000\" data-particle_enable=\"false\" data-particle-mobile-disabled=\"false\" data-id=\"660d7b19\" data-element_type=\"container\" data-e-type=\"container\">\n\t\t\t\t\t<div class=\"e-con-inner\">\n\t\t\t\t<div class=\"elementor-element elementor-element-3a98e9e elementor-widget elementor-widget-heading\" data-id=\"3a98e9e\" data-element_type=\"widget\" data-e-type=\"widget\" data-widget_type=\"heading.default\">\n\t\t\t\t<div class=\"elementor-widget-container\">\n\t\t\t\t\t<h2 class=\"elementor-heading-title elementor-size-default\">Termini e condizioni<\/h2>\t\t\t\t<\/div>\n\t\t\t\t<\/div>\n\t\t\t\t<div class=\"elementor-element elementor-element-1ebf4abb elementor-widget elementor-widget-text-editor\" data-id=\"1ebf4abb\" data-element_type=\"widget\" data-e-type=\"widget\" data-widget_type=\"text-editor.default\">\n\t\t\t\t<div class=\"elementor-widget-container\">\n\t\t\t\t\t\t\t\t\t<p><\/p>\n<p><strong>Bienvenue sur Swisstream.net !<\/strong><\/p>\n<p><\/p>\n<p><\/p>\n<p>Apprezziamo il vostro interesse per i nostri servizi. Prima di effettuare un ordine, vi preghiamo di prendere un momento per leggere e comprendere i nostri termini e condizioni. La vostra soddisfazione e un'esperienza fluida sono le nostre priorit\u00e0.<\/p>\n<p><\/p>\n<p><\/p>\n<p><strong>Panoramica dei servizi IPTV<\/strong><\/p>\n<p><\/p>\n<p><\/p>\n<p>Swisstream.net offre abbonamenti IPTV e piani rivenditore IPTV, offrendo una gamma accattivante di canali televisivi in diretta, video on demand, film e serie televisive, tutto nel mondo digitale.<\/p>\n<p><\/p>\n<p><\/p>\n<p><strong>Riconoscimento delle Condizioni Generali<\/strong><\/p>\n<p><\/p>\n<p><\/p>\n<p>Scegliendo di abbonarvi o di effettuare un acquisto da noi, esprimete la vostra comprensione e il vostro accordo con i seguenti termini e condizioni:<\/p>\n<p><\/p>\n<p><\/p>\n<p><strong>Requisito di Et\u00e0 Minima<\/strong><\/p>\n<p><\/p>\n<p><\/p>\n<p>Per usufruire dei servizi offerti sul nostro sito, dovete avere almeno 18 anni.<\/p>\n<p><\/p>\n<p><\/p>\n<p><strong>Limitazioni di Connessione<\/strong><\/p>\n<p><\/p>\n<p><\/p>\n<p>Per ogni abbonamento \u00e8 consentita una sola connessione. Si prega di notare che l'uso di pi\u00f9 di una connessione pu\u00f2 comportare la sospensione del vostro abbonamento e del vostro indirizzo IP da parte del fornitore, e purtroppo, non pu\u00f2 essere fornito alcun rimborso.<\/p>\n<p><\/p>\n<p><\/p>\n<p><strong>Canali Televisivi in Diretta e Video on Demand<\/strong><\/p>\n<p><\/p>\n<p><\/p>\n<p>La disponibilit\u00e0 dei canali e del contenuto video on demand pu\u00f2 cambiare, essere aggiornata o rimossa senza preavviso. Modifiche nelle categorie o nel contenuto possono avvenire in qualsiasi momento. Vogliamo assicurarvi che Swisstream.net non ha alcun controllo sul contenuto fornito, sull'EPG o sugli aggiornamenti ad esso apportati.<\/p>\n<p><\/p>\n<p><\/p>\n<p><strong>Comportamento di Utilizzo Accettabile<\/strong><\/p>\n<p><\/p>\n<p><\/p>\n<p>Al fine di mantenere la qualit\u00e0 e l'integrit\u00e0 del nostro servizio, vi chiediamo di astenervi dal re-streaming, dalla trasmissione di contenuti o dalla distribuzione del contenuto fornito. Apprezziamo la vostra collaborazione per garantire un'esperienza positiva per tutti gli utenti.<\/p>\n<p><\/p>\n<p><\/p>\n<p>Se avete domande o avete bisogno di chiarimenti su qualsiasi aspetto dei nostri termini e condizioni, non esitate a contattarci. Apprezziamo la vostra comprensione e collaborazione.<\/p>\n<p><\/p>\n<p><\/p>\n<p><strong>Qualit\u00e0 del Contenuto Fornito<\/strong><\/p>\n<p><\/p>\n<p><\/p>\n<p>A causa della natura dell'IPTV e dei fattori da cui dipende, come il fornitore di servizi Internet, la velocit\u00e0 di Internet, la larghezza di banda, le fonti di streaming e molte altre variabili, non possiamo garantire che il contenuto funzioni al 100% tutto il tempo. Possono verificarsi problemi come buffering, blocchi o malfunzionamenti del contenuto.<\/p>\n<p><\/p>\n<p><\/p>\n<p>Per minimizzare i problemi potenziali, assicuratevi di avere una connessione Internet ad alta velocit\u00e0 e verificate che il vostro fornitore di servizi autorizzi i server IPTV.<\/p>\n<p><\/p>\n<p><\/p>\n<p>Si prega di notare che la condivisione del vostro abbonamento comporter\u00e0 anche una risoluzione immediata senza preavviso.<\/p>\n<p><\/p>\n<p><\/p>\n<p><strong>Paesi Non Supportati<\/strong><\/p>\n<p><\/p>\n<p><\/p>\n<p>Il nostro servizio funziona in tutto il mondo, a condizione che il vostro fornitore di servizi Internet non blocchi i nostri servizi.<\/p>\n<p><\/p>\n<p><\/p>\n<p><strong>Costi di Utilizzo dei Dati<\/strong><\/p>\n<p><\/p>\n<p><\/p>\n<p>Il cliente \u00e8 responsabile di tutte le spese o i costi relativi all'utilizzo dei propri dati o delle spese per Internet.<\/p>\n<p><\/p>\n<p><\/p>\n<p><strong>Informazioni Fornite<\/strong><\/p>\n<p><\/p>\n<p><\/p>\n<p>Tutte le informazioni o i dati forniti devono essere accurati. Devi essere il proprietario o avere il diritto di utilizzare il metodo di pagamento usato per acquistare un prodotto da noi.<\/p>\n<p><\/p>\n<p><\/p>\n<p><strong>Modifiche ai Nostri Termini e Condizioni<\/strong><\/p>\n<p><\/p>\n<p><\/p>\n<p>Questi termini e condizioni possono essere modificati in qualsiasi momento senza preavviso, inclusa la nostra politica sulla privacy, con o senza notifica al cliente. Qualsiasi modifica sar\u00e0 efficace non appena pubblicata. Continuando a utilizzare il nostro servizio e questo sito dopo qualsiasi modifica, riconoscete di aver letto i termini modificati.<\/p>\n<p><\/p>\n<p><\/p>\n<p><strong>Modifiche alla Biblioteca VOD<\/strong><\/p>\n<p><\/p>\n<p><\/p>\n<p>Il numero di canali e film nella biblioteca VOD pu\u00f2 cambiare ogni settimana man mano che aggiorniamo le nostre offerte.<\/p>\n<p><\/p>\n<p><\/p>\n<p><strong>Tariffe<\/strong><\/p>\n<p><\/p>\n<p><\/p>\n<p>I servizi forniti da IPTV Palace sono soggetti a modifiche e aggiornamenti in qualsiasi momento e senza preavviso.<\/p>\n<p><\/p>\n<p><\/p>\n<p>Sconti e promozioni possono verificarsi in qualsiasi momento. In caso di acquisto di un servizio prima di un'offerta, non sar\u00e0 possibile ottenere un rimborso per approfittare di tale offerta.<\/p>\n<p><\/p>\n<p><\/p>\n<p><strong>Dettagli dell\u2019Abbonamento<\/strong><\/p>\n<p><\/p>\n<p><\/p>\n<p>\u00c8 necessario seguire i dettagli e le istruzioni prima di acquistare un abbonamento IPTV da noi, o in caso di problemi.<\/p>\n<p><\/p>\n<p><\/p>\n<p><strong>Sospensione e Tempo di Inattivit\u00e0<\/strong><\/p>\n<p><\/p>\n<p><\/p>\n<p>Oltre ai nostri diritti e condizioni per terminare o disattivare l'abbonamento, confermate e accettate i periodi di inattivit\u00e0 in caso di manutenzione del server, aggiornamenti o problemi relativi al server. Non riceverete notifiche su questi eventi fino al loro verificarsi.<\/p>\n<p><\/p>\n<p><\/p>\n<p>Tutte le comunicazioni e le condizioni che devono essere fatte o offerte ai sensi di questo accordo devono essere in lingua francese o inglese. Abbiamo l'autorit\u00e0 e il diritto di terminare immediatamente o limitare il vostro utilizzo dei Servizi o l'accesso ai Contenuti in qualsiasi momento, senza preavviso n\u00e9 responsabilit\u00e0, nel caso in cui Swisstream.net determini, a sua esclusiva discrezione, che avete violato una delle condizioni sopra, la legge o la normativa riguardante qualsiasi Contenuto, incluso.<\/p>\n<p><\/p>\t\t\t\t\t\t\t\t<\/div>\n\t\t\t\t<\/div>\n\t\t\t\t\t<\/div>\n\t\t\t\t<\/div>\n\t\t\t\t<\/div>","protected":false},"excerpt":{"rendered":"<p>Termes et conditions Bienvenue sur Swisstream.net ! Nous appr\u00e9cions votre int\u00e9r\u00eat pour nos services. Avant de passer une commande, veuillez prendre un moment pour lire et comprendre nos termes et conditions. Votre satisfaction et une exp\u00e9rience fluide sont nos priorit\u00e9s. Aper\u00e7u des Services IPTV Swisstream.net propose des abonnements IPTV et des plans revendeurs IPTV, offrant [&hellip;]<\/p>\n","protected":false},"author":1,"featured_media":0,"parent":0,"menu_order":0,"comment_status":"closed","ping_status":"closed","template":"","meta":{"_monsterinsights_skip_tracking":false,"_monsterinsights_sitenote_active":false,"_monsterinsights_sitenote_note":"","_monsterinsights_sitenote_category":0,"footnotes":""},"class_list":["post-215","page","type-page","status-publish","hentry"],"yoast_head":"<!-- This site is optimized with the Yoast SEO plugin v27.4 - https:\/\/yoast.com\/product\/yoast-seo-wordpress\/ -->\n<title>Termes et conditions - Abonnement IPTV Suisse<\/title>\n<meta name=\"robots\" content=\"index, follow, max-snippet:-1, max-image-preview:large, max-video-preview:-1\" \/>\n<link rel=\"canonical\" href=\"https:\/\/swisstream.net\/it\/termini-e-condizioni\/\" \/>\n<meta property=\"og:locale\" content=\"it_IT\" \/>\n<meta property=\"og:type\" content=\"article\" \/>\n<meta property=\"og:title\" content=\"Termes et conditions - Abonnement IPTV Suisse\" \/>\n<meta property=\"og:description\" content=\"Termes et conditions Bienvenue sur Swisstream.net ! Nous appr\u00e9cions votre int\u00e9r\u00eat pour nos services. Avant de passer une commande, veuillez prendre un moment pour lire et comprendre nos termes et conditions. Votre satisfaction et une exp\u00e9rience fluide sont nos priorit\u00e9s. Aper\u00e7u des Services IPTV Swisstream.net propose des abonnements IPTV et des plans revendeurs IPTV, offrant [&hellip;]\" \/>\n<meta property=\"og:url\" content=\"https:\/\/swisstream.net\/it\/termini-e-condizioni\/\" \/>\n<meta property=\"og:site_name\" content=\"Abonnement IPTV Suisse\" \/>\n<meta property=\"article:modified_time\" content=\"2024-07-27T21:36:17+00:00\" \/>\n<meta property=\"og:image\" content=\"https:\/\/swisstream.net\/wp-content\/uploads\/2024\/04\/suisse-iptv-1.webp\" \/>\n\t<meta property=\"og:image:width\" content=\"1200\" \/>\n\t<meta property=\"og:image:height\" content=\"675\" \/>\n\t<meta property=\"og:image:type\" content=\"image\/webp\" \/>\n<meta name=\"twitter:card\" content=\"summary_large_image\" \/>\n<meta name=\"twitter:label1\" content=\"Tempo di lettura stimato\" \/>\n\t<meta name=\"twitter:data1\" content=\"4 minuti\" \/>\n<script type=\"application\/ld+json\" class=\"yoast-schema-graph\">{\"@context\":\"https:\\\/\\\/schema.org\",\"@graph\":[{\"@type\":\"WebPage\",\"@id\":\"https:\\\/\\\/swisstream.net\\\/termes-et-conditions\\\/\",\"url\":\"https:\\\/\\\/swisstream.net\\\/termes-et-conditions\\\/\",\"name\":\"Termes et conditions - Abonnement IPTV Suisse\",\"isPartOf\":{\"@id\":\"https:\\\/\\\/swisstream.net\\\/#website\"},\"datePublished\":\"2023-12-22T14:01:02+00:00\",\"dateModified\":\"2024-07-27T21:36:17+00:00\",\"breadcrumb\":{\"@id\":\"https:\\\/\\\/swisstream.net\\\/termes-et-conditions\\\/#breadcrumb\"},\"inLanguage\":\"it-IT\",\"potentialAction\":[{\"@type\":\"ReadAction\",\"target\":[\"https:\\\/\\\/swisstream.net\\\/termes-et-conditions\\\/\"]}]},{\"@type\":\"BreadcrumbList\",\"@id\":\"https:\\\/\\\/swisstream.net\\\/termes-et-conditions\\\/#breadcrumb\",\"itemListElement\":[{\"@type\":\"ListItem\",\"position\":1,\"name\":\"Home\",\"item\":\"https:\\\/\\\/swisstream.net\\\/\"},{\"@type\":\"ListItem\",\"position\":2,\"name\":\"Termes et conditions\"}]},{\"@type\":\"WebSite\",\"@id\":\"https:\\\/\\\/swisstream.net\\\/#website\",\"url\":\"https:\\\/\\\/swisstream.net\\\/\",\"name\":\"Swisstream\",\"description\":\"Abonnement IPTV Suisse \u2013 Test Gratuit Disponible\",\"publisher\":{\"@id\":\"https:\\\/\\\/swisstream.net\\\/#organization\"},\"alternateName\":\"swisstream iptv\",\"potentialAction\":[{\"@type\":\"SearchAction\",\"target\":{\"@type\":\"EntryPoint\",\"urlTemplate\":\"https:\\\/\\\/swisstream.net\\\/?s={search_term_string}\"},\"query-input\":{\"@type\":\"PropertyValueSpecification\",\"valueRequired\":true,\"valueName\":\"search_term_string\"}}],\"inLanguage\":\"it-IT\"},{\"@type\":\"Organization\",\"@id\":\"https:\\\/\\\/swisstream.net\\\/#organization\",\"name\":\"Swisstream\",\"alternateName\":\"swisstream iptv\",\"url\":\"https:\\\/\\\/swisstream.net\\\/\",\"logo\":{\"@type\":\"ImageObject\",\"inLanguage\":\"it-IT\",\"@id\":\"https:\\\/\\\/swisstream.net\\\/#\\\/schema\\\/logo\\\/image\\\/\",\"url\":\"https:\\\/\\\/swisstream.net\\\/wp-content\\\/uploads\\\/2024\\\/04\\\/WhatsApp-Image-2024-03-17-at-16.52.38_44da6d17.webp\",\"contentUrl\":\"https:\\\/\\\/swisstream.net\\\/wp-content\\\/uploads\\\/2024\\\/04\\\/WhatsApp-Image-2024-03-17-at-16.52.38_44da6d17.webp\",\"width\":1200,\"height\":1200,\"caption\":\"Swisstream\"},\"image\":{\"@id\":\"https:\\\/\\\/swisstream.net\\\/#\\\/schema\\\/logo\\\/image\\\/\"}}]}<\/script>\n<!-- \/ Yoast SEO plugin. -->","yoast_head_json":{"title":"Termes et conditions - Abonnement IPTV Suisse","robots":{"index":"index","follow":"follow","max-snippet":"max-snippet:-1","max-image-preview":"max-image-preview:large","max-video-preview":"max-video-preview:-1"},"canonical":"https:\/\/swisstream.net\/it\/termini-e-condizioni\/","og_locale":"it_IT","og_type":"article","og_title":"Termes et conditions - Abonnement IPTV Suisse","og_description":"Termes et conditions Bienvenue sur Swisstream.net ! Nous appr\u00e9cions votre int\u00e9r\u00eat pour nos services. Avant de passer une commande, veuillez prendre un moment pour lire et comprendre nos termes et conditions. Votre satisfaction et une exp\u00e9rience fluide sont nos priorit\u00e9s. Aper\u00e7u des Services IPTV Swisstream.net propose des abonnements IPTV et des plans revendeurs IPTV, offrant [&hellip;]","og_url":"https:\/\/swisstream.net\/it\/termini-e-condizioni\/","og_site_name":"Abonnement IPTV Suisse","article_modified_time":"2024-07-27T21:36:17+00:00","og_image":[{"width":1200,"height":675,"url":"https:\/\/swisstream.net\/wp-content\/uploads\/2024\/04\/suisse-iptv-1.webp","type":"image\/webp"}],"twitter_card":"summary_large_image","twitter_misc":{"Tempo di lettura stimato":"4 minuti"},"schema":{"@context":"https:\/\/schema.org","@graph":[{"@type":"WebPage","@id":"https:\/\/swisstream.net\/termes-et-conditions\/","url":"https:\/\/swisstream.net\/termes-et-conditions\/","name":"Termes et conditions - Abonnement IPTV Suisse","isPartOf":{"@id":"https:\/\/swisstream.net\/#website"},"datePublished":"2023-12-22T14:01:02+00:00","dateModified":"2024-07-27T21:36:17+00:00","breadcrumb":{"@id":"https:\/\/swisstream.net\/termes-et-conditions\/#breadcrumb"},"inLanguage":"it-IT","potentialAction":[{"@type":"ReadAction","target":["https:\/\/swisstream.net\/termes-et-conditions\/"]}]},{"@type":"BreadcrumbList","@id":"https:\/\/swisstream.net\/termes-et-conditions\/#breadcrumb","itemListElement":[{"@type":"ListItem","position":1,"name":"Home","item":"https:\/\/swisstream.net\/"},{"@type":"ListItem","position":2,"name":"Termes et conditions"}]},{"@type":"WebSite","@id":"https:\/\/swisstream.net\/#website","url":"https:\/\/swisstream.net\/","name":"Swisstream","description":"Abbonamento IPTV Svizzero \u2013 Prova Gratuita Disponibile","publisher":{"@id":"https:\/\/swisstream.net\/#organization"},"alternateName":"swisstream iptv","potentialAction":[{"@type":"SearchAction","target":{"@type":"EntryPoint","urlTemplate":"https:\/\/swisstream.net\/?s={search_term_string}"},"query-input":{"@type":"PropertyValueSpecification","valueRequired":true,"valueName":"search_term_string"}}],"inLanguage":"it-IT"},{"@type":"Organization","@id":"https:\/\/swisstream.net\/#organization","name":"Swisstream","alternateName":"swisstream iptv","url":"https:\/\/swisstream.net\/","logo":{"@type":"ImageObject","inLanguage":"it-IT","@id":"https:\/\/swisstream.net\/#\/schema\/logo\/image\/","url":"https:\/\/swisstream.net\/wp-content\/uploads\/2024\/04\/WhatsApp-Image-2024-03-17-at-16.52.38_44da6d17.webp","contentUrl":"https:\/\/swisstream.net\/wp-content\/uploads\/2024\/04\/WhatsApp-Image-2024-03-17-at-16.52.38_44da6d17.webp","width":1200,"height":1200,"caption":"Swisstream"},"image":{"@id":"https:\/\/swisstream.net\/#\/schema\/logo\/image\/"}}]}},"_links":{"self":[{"href":"https:\/\/swisstream.net\/it\/wp-json\/wp\/v2\/pages\/215","targetHints":{"allow":["GET"]}}],"collection":[{"href":"https:\/\/swisstream.net\/it\/wp-json\/wp\/v2\/pages"}],"about":[{"href":"https:\/\/swisstream.net\/it\/wp-json\/wp\/v2\/types\/page"}],"author":[{"embeddable":true,"href":"https:\/\/swisstream.net\/it\/wp-json\/wp\/v2\/users\/1"}],"replies":[{"embeddable":true,"href":"https:\/\/swisstream.net\/it\/wp-json\/wp\/v2\/comments?post=215"}],"version-history":[{"count":6,"href":"https:\/\/swisstream.net\/it\/wp-json\/wp\/v2\/pages\/215\/revisions"}],"predecessor-version":[{"id":1228,"href":"https:\/\/swisstream.net\/it\/wp-json\/wp\/v2\/pages\/215\/revisions\/1228"}],"wp:attachment":[{"href":"https:\/\/swisstream.net\/it\/wp-json\/wp\/v2\/media?parent=215"}],"curies":[{"name":"wp","href":"https:\/\/api.w.org\/{rel}","templated":true}]}}