{"id":266,"date":"2023-12-23T22:21:32","date_gmt":"2023-12-23T21:21:32","guid":{"rendered":"https:\/\/swisstream.net\/?page_id=266"},"modified":"2023-12-24T16:15:49","modified_gmt":"2023-12-24T15:15:49","slug":"privacy-policy","status":"publish","type":"page","link":"https:\/\/swisstream.net\/en\/privacy-policy\/","title":{"rendered":"Privacy Policy"},"content":{"rendered":"<div data-elementor-type=\"wp-page\" data-elementor-id=\"266\" class=\"elementor elementor-266\" data-elementor-post-type=\"page\">\n\t\t\t\t<div class=\"has_eae_slider elementor-element elementor-element-517b8396 e-flex e-con-boxed e-con e-parent\" data-eae-slider=\"35345\" data-particle_enable=\"false\" data-particle-mobile-disabled=\"false\" data-id=\"517b8396\" data-element_type=\"container\" data-e-type=\"container\">\n\t\t\t\t\t<div class=\"e-con-inner\">\n\t\t\t\t<div class=\"elementor-element elementor-element-103373c elementor-widget elementor-widget-heading\" data-id=\"103373c\" data-element_type=\"widget\" data-e-type=\"widget\" data-widget_type=\"heading.default\">\n\t\t\t\t<div class=\"elementor-widget-container\">\n\t\t\t\t\t<h2 class=\"elementor-heading-title elementor-size-default\">Privacy Policy\n<\/h2>\t\t\t\t<\/div>\n\t\t\t\t<\/div>\n\t\t\t\t<div class=\"elementor-element elementor-element-0444bf4 elementor-widget elementor-widget-heading\" data-id=\"0444bf4\" data-element_type=\"widget\" data-e-type=\"widget\" data-widget_type=\"heading.default\">\n\t\t\t\t<div class=\"elementor-widget-container\">\n\t\t\t\t\t<h2 class=\"elementor-heading-title elementor-size-default\">Swisstream - Privacy Policy<\/h2>\t\t\t\t<\/div>\n\t\t\t\t<\/div>\n\t\t\t\t<div class=\"elementor-element elementor-element-2e0921b1 elementor-widget elementor-widget-text-editor\" data-id=\"2e0921b1\" data-element_type=\"widget\" data-e-type=\"widget\" data-widget_type=\"text-editor.default\">\n\t\t\t\t<div class=\"elementor-widget-container\">\n\t\t\t\t\t\t\t\t\t\n<p>Chez Swisstream, la confidentialit\u00e9 de nos visiteurs est l&rsquo;une de nos principales priorit\u00e9s. Ce document de politique de confidentialit\u00e9 contient les types d&rsquo;informations collect\u00e9es et enregistr\u00e9es par Swisstream et comment nous les utilisons. Si vous avez des questions suppl\u00e9mentaires ou si vous avez besoin de plus d&rsquo;informations sur notre politique de confidentialit\u00e9, n&rsquo;h\u00e9sitez pas \u00e0 nous contacter. Cette politique de confidentialit\u00e9 s&rsquo;applique uniquement \u00e0 nos activit\u00e9s en ligne et est valide pour les visiteurs de notre site Web en ce qui concerne les informations qu&rsquo;ils partagent et\/ou collectent sur Swisstream. Cette politique n&rsquo;est pas applicable aux informations collect\u00e9es hors ligne ou via des canaux autres que ce site Web. Consentement<\/p>\n\n<p><strong>Consentement<\/strong><\/p>\n\n<p>En utilisant notre site Web, vous consentez par la pr\u00e9sente \u00e0 notre Politique de Confidentialit\u00e9 et acceptez ses termes.<\/p>\n\n<p><strong><br \/>Informations que nous collectons<\/strong><\/p>\n\n<p>Les informations personnelles qui vous sont demand\u00e9es, ainsi que les raisons de cette demande, vous seront clairement indiqu\u00e9es au moment o\u00f9 nous vous demanderons de fournir vos informations personnelles. Si vous nous contactez directement, nous pouvons recevoir des informations suppl\u00e9mentaires vous concernant, telles que votre nom, adresse e-mail, num\u00e9ro de t\u00e9l\u00e9phone, le contenu du message et\/ou des pi\u00e8ces jointes que vous pourriez nous envoyer, ainsi que toute autre information que vous choisissez de fournir. Lorsque vous vous inscrivez pour un compte, nous pouvons vous demander vos coordonn\u00e9es, y compris des \u00e9l\u00e9ments tels que votre nom, le nom de votre entreprise, votre adresse, votre adresse e-mail et votre num\u00e9ro de t\u00e9l\u00e9phone.<\/p>\n\n<p><strong>Comment nous utilisons vos informations<\/strong><\/p>\n\n<p>Nous utilisons les informations que nous collectons de diverses mani\u00e8res, notamment pour :<\/p>\n\n<ul class=\"wp-block-list\">\n<li>Fournir, exploiter et maintenir notre site Web<\/li>\n\n<li>Am\u00e9liorer, personnaliser et \u00e9tendre notre site Web<\/li>\n\n<li>Comprendre et analyser comment vous utilisez notre site Web<\/li>\n\n<li>D\u00e9velopper de nouveaux produits, services, fonctionnalit\u00e9s et fonctionnalit\u00e9s<\/li>\n\n<li>Communiquer avec vous, soit directement, soit par l&rsquo;interm\u00e9diaire de l&rsquo;un de nos partenaires, y compris pour le service client, vous fournir des mises \u00e0 jour et d&rsquo;autres informations relatives au site Web, et \u00e0 des fins marketing et promotionnelles<\/li>\n\n<li>Vous envoyer des e-mails<\/li>\n\n<li>Trouver et pr\u00e9venir la fraude<\/li>\n<\/ul>\n\n<p><strong>Fichiers journaux<\/strong><\/p>\n\n<p>Swisstream suit une proc\u00e9dure standard d&rsquo;utilisation de fichiers journaux. Ces fichiers enregistrent les visiteurs lorsqu&rsquo;ils consultent des sites Web. Toutes les soci\u00e9t\u00e9s d&rsquo;h\u00e9bergement font cela, et c&rsquo;est une partie des analyses des services d&rsquo;h\u00e9bergement. Les informations collect\u00e9es par les fichiers journaux comprennent les adresses de protocole Internet (IP), le type de navigateur, le fournisseur de services Internet (FSI), l&rsquo;horodatage, les pages de renvoi\/sortie et \u00e9ventuellement le nombre de clics. Ces informations ne sont li\u00e9es \u00e0 aucune information personnellement identifiable. Le but de ces informations est d&rsquo;analyser les tendances, d&rsquo;administrer le site, de suivre les mouvements des utilisateurs sur le site et de recueillir des informations d\u00e9mographiques.<\/p>\n\n<p><strong>Cookies et balises web<\/strong><\/p>\n\n<p>Comme tout autre site Web, Swisstream utilise des \u00ab\u00a0cookies\u00a0\u00bb. Ces cookies sont utilis\u00e9s pour stocker des informations, y compris les pr\u00e9f\u00e9rences des visiteurs, et les pages du site Web que le visiteur a consult\u00e9es ou visit\u00e9es. Les informations sont utilis\u00e9es pour optimiser l&rsquo;exp\u00e9rience des utilisateurs en personnalisant le contenu de notre page Web en fonction du type de navigateur des visiteurs et\/ou d&rsquo;autres informations.<\/p>\n\n<p><strong>Politiques de confidentialit\u00e9 des partenaires publicitaires<\/strong><\/p>\n\n<p>Vous pouvez consulter cette liste pour trouver la politique de confidentialit\u00e9 de chacun des partenaires publicitaires de Swisstream. Les serveurs publicitaires tiers ou les r\u00e9seaux publicitaires utilisent des technologies telles que les cookies, JavaScript ou les balises web qui sont utilis\u00e9s dans leurs publicit\u00e9s et liens respectifs qui apparaissent sur Swisstream et qui sont envoy\u00e9s directement au navigateur des utilisateurs. Ils re\u00e7oivent automatiquement votre adresse IP lorsque cela se produit. Ces technologies sont utilis\u00e9es pour mesurer l&rsquo;efficacit\u00e9 de leurs campagnes publicitaires et\/ou pour personnaliser le contenu publicitaire que vous voyez sur les sites Web que vous visitez. Notez que Swisstream n&rsquo;a pas acc\u00e8s \u00e0 ces cookies utilis\u00e9s par les annonceurs tiers et n&rsquo;a aucun contr\u00f4le sur eux.<\/p>\n\n<p><strong>Politiques de confidentialit\u00e9 des tiers<\/strong><\/p>\n\n<p>La politique de confidentialit\u00e9 de Swisstream ne s&rsquo;applique pas \u00e0 d&rsquo;autres annonceurs ou sites Web. Par cons\u00e9quent, nous vous conseillons de consulter les politiques de confidentialit\u00e9 respectives de ces serveurs publicitaires tiers pour des informations plus d\u00e9taill\u00e9es. Cela peut inclure leurs pratiques et des instructions sur la mani\u00e8re de d\u00e9sactiver certaines options. Vous pouvez choisir de d\u00e9sactiver les cookies via les options de votre navigateur individuel. Pour obtenir des informations plus d\u00e9taill\u00e9es sur la gestion des cookies avec des navigateurs Web sp\u00e9cifiques, vous pouvez les trouver sur les sites Web respectifs des navigateurs.<\/p>\n\n<p><strong>Droits de confidentialit\u00e9 CCPA (Do Not Sell My Personal Information)<\/strong><\/p>\n\n<p>En vertu du CCPA, entre autres droits, les consommateurs californiens ont le droit de :<\/p>\n\n<ul class=\"wp-block-list\">\n<li>Demander \u00e0 une entreprise qui collecte les donn\u00e9es personnelles d&rsquo;un consommateur de divulguer les cat\u00e9gories et les pi\u00e8ces sp\u00e9cifiques de donn\u00e9es personnelles qu&rsquo;une entreprise a collect\u00e9es sur les consommateurs.<\/li>\n\n<li>Demander \u00e0 une entreprise de supprimer toutes les donn\u00e9es personnelles \u00e0 propos du consommateur qu&rsquo;une entreprise a collect\u00e9es.<\/li>\n\n<li>Demander \u00e0 une entreprise qui vend les donn\u00e9es personnelles d&rsquo;un consommateur de ne pas vendre ces donn\u00e9es personnelles du consommateur.<\/li>\n<\/ul>\n\n<p>Si vous faites une demande, nous avons un mois pour vous r\u00e9pondre. Si vous souhaitez exercer l&rsquo;un de ces droits, veuillez nous contacter.<\/p>\n\n<p><strong>Droits de protection des donn\u00e9es GDPR<\/strong><\/p>\n\n<p>Nous tenons \u00e0 nous assurer que vous \u00eates pleinement conscient de tous vos droits de protection des donn\u00e9es. Chaque utilisateur a droit aux \u00e9l\u00e9ments suivants :<\/p>\n\n<ul class=\"wp-block-list\">\n<li>Le droit d&rsquo;acc\u00e8s &#8211; Vous avez le droit de demander des copies de vos donn\u00e9es personnelles. Nous pouvons vous facturer des frais minimes pour ce service.<\/li>\n\n<li>Le droit de rectification &#8211; Vous avez le droit de demander la correction de toute information que vous estimez inexacte. Vous avez \u00e9galement le droit de demander que nous compl\u00e9tions les informations que vous estimez incompl\u00e8tes.<\/li>\n\n<li>Le droit \u00e0 l&rsquo;effacement &#8211; Vous avez le droit de demander l&rsquo;effacement de vos donn\u00e9es personnelles, dans certaines conditions.<\/li>\n\n<li>Le droit de limiter le traitement &#8211; Vous avez le droit de demander la limitation du traitement de vos donn\u00e9es personnelles, dans certaines conditions.<\/li>\n\n<li>Le droit d&rsquo;opposition au traitement &#8211; Vous avez le droit de vous opposer au traitement de vos donn\u00e9es personnelles, dans certaines conditions.<\/li>\n\n<li>Le droit \u00e0 la portabilit\u00e9 des donn\u00e9es &#8211; Vous avez le droit de demander le transfert des donn\u00e9es que nous avons collect\u00e9es vers une autre organisation, ou directement \u00e0 vous, dans certaines conditions.<\/li>\n<\/ul>\n\n<p>Si vous faites une demande, nous avons un mois pour vous r\u00e9pondre. Si vous souhaitez exercer l&rsquo;un de ces droits, veuillez nous contacter.<\/p>\n\n<p><strong>Informations concernant les enfants<\/strong><\/p>\n\n<p>Une autre partie de notre priorit\u00e9 est d&rsquo;ajouter une protection pour les enfants lorsqu&rsquo;ils utilisent Internet. Nous encourageons les parents et les tuteurs \u00e0 observer, participer et\/ou surveiller et guider l&rsquo;activit\u00e9 en ligne de leurs enfants. Swisstream ne collecte sciemment aucune information d&rsquo;identification personnelle aupr\u00e8s d&rsquo;enfants de moins de 13 ans. Si vous pensez que votre enfant a fourni ce type d&rsquo;information sur notre site Web, nous vous encourageons vivement \u00e0 nous contacter imm\u00e9diatement et nous ferons de notre mieux pour supprimer rapidement ces informations de nos dossiers.<\/p>\n\t\t\t\t\t\t\t\t<\/div>\n\t\t\t\t<\/div>\n\t\t\t\t\t<\/div>\n\t\t\t\t<\/div>\n\t\t\t\t<\/div>","protected":false},"excerpt":{"rendered":"<p>Politique de Confidentialit\u00e9 Swisstream &#8211; Politique de Confidentialit\u00e9 Chez Swisstream, la confidentialit\u00e9 de nos visiteurs est l&rsquo;une de nos principales priorit\u00e9s. Ce document de politique de confidentialit\u00e9 contient les types d&rsquo;informations collect\u00e9es et enregistr\u00e9es par Swisstream et comment nous les utilisons. Si vous avez des questions suppl\u00e9mentaires ou si vous avez besoin de plus d&rsquo;informations [&hellip;]<\/p>\n","protected":false},"author":1,"featured_media":0,"parent":0,"menu_order":0,"comment_status":"closed","ping_status":"closed","template":"","meta":{"_monsterinsights_skip_tracking":false,"_monsterinsights_sitenote_active":false,"_monsterinsights_sitenote_note":"","_monsterinsights_sitenote_category":0,"footnotes":""},"class_list":["post-266","page","type-page","status-publish","hentry"],"yoast_head":"<!-- This site is optimized with the Yoast SEO plugin v27.4 - https:\/\/yoast.com\/product\/yoast-seo-wordpress\/ -->\n<title>Politique de Confidentialit\u00e9 - Abonnement IPTV Suisse<\/title>\n<meta name=\"robots\" content=\"index, follow, max-snippet:-1, max-image-preview:large, max-video-preview:-1\" \/>\n<link rel=\"canonical\" href=\"https:\/\/swisstream.net\/en\/privacy-policy\/\" \/>\n<meta property=\"og:locale\" content=\"en_US\" \/>\n<meta property=\"og:type\" content=\"article\" \/>\n<meta property=\"og:title\" content=\"Politique de Confidentialit\u00e9 - Abonnement IPTV Suisse\" \/>\n<meta property=\"og:description\" content=\"Politique de Confidentialit\u00e9 Swisstream &#8211; Politique de Confidentialit\u00e9 Chez Swisstream, la confidentialit\u00e9 de nos visiteurs est l&rsquo;une de nos principales priorit\u00e9s. Ce document de politique de confidentialit\u00e9 contient les types d&rsquo;informations collect\u00e9es et enregistr\u00e9es par Swisstream et comment nous les utilisons. Si vous avez des questions suppl\u00e9mentaires ou si vous avez besoin de plus d&rsquo;informations [&hellip;]\" \/>\n<meta property=\"og:url\" content=\"https:\/\/swisstream.net\/en\/privacy-policy\/\" \/>\n<meta property=\"og:site_name\" content=\"Abonnement IPTV Suisse\" \/>\n<meta property=\"article:modified_time\" content=\"2023-12-24T15:15:49+00:00\" \/>\n<meta property=\"og:image\" content=\"https:\/\/swisstream.net\/wp-content\/uploads\/2024\/04\/suisse-iptv-1.webp\" \/>\n\t<meta property=\"og:image:width\" content=\"1200\" \/>\n\t<meta property=\"og:image:height\" content=\"675\" \/>\n\t<meta property=\"og:image:type\" content=\"image\/webp\" \/>\n<meta name=\"twitter:card\" content=\"summary_large_image\" \/>\n<meta name=\"twitter:label1\" content=\"Est. reading time\" \/>\n\t<meta name=\"twitter:data1\" content=\"6 minutes\" \/>\n<script type=\"application\/ld+json\" class=\"yoast-schema-graph\">{\"@context\":\"https:\\\/\\\/schema.org\",\"@graph\":[{\"@type\":\"WebPage\",\"@id\":\"https:\\\/\\\/swisstream.net\\\/politique-de-confidentialite\\\/\",\"url\":\"https:\\\/\\\/swisstream.net\\\/politique-de-confidentialite\\\/\",\"name\":\"Politique de Confidentialit\u00e9 - Abonnement IPTV Suisse\",\"isPartOf\":{\"@id\":\"https:\\\/\\\/swisstream.net\\\/#website\"},\"datePublished\":\"2023-12-23T21:21:32+00:00\",\"dateModified\":\"2023-12-24T15:15:49+00:00\",\"breadcrumb\":{\"@id\":\"https:\\\/\\\/swisstream.net\\\/politique-de-confidentialite\\\/#breadcrumb\"},\"inLanguage\":\"en-US\",\"potentialAction\":[{\"@type\":\"ReadAction\",\"target\":[\"https:\\\/\\\/swisstream.net\\\/politique-de-confidentialite\\\/\"]}]},{\"@type\":\"BreadcrumbList\",\"@id\":\"https:\\\/\\\/swisstream.net\\\/politique-de-confidentialite\\\/#breadcrumb\",\"itemListElement\":[{\"@type\":\"ListItem\",\"position\":1,\"name\":\"Home\",\"item\":\"https:\\\/\\\/swisstream.net\\\/\"},{\"@type\":\"ListItem\",\"position\":2,\"name\":\"Politique de Confidentialit\u00e9\"}]},{\"@type\":\"WebSite\",\"@id\":\"https:\\\/\\\/swisstream.net\\\/#website\",\"url\":\"https:\\\/\\\/swisstream.net\\\/\",\"name\":\"Swisstream\",\"description\":\"Abonnement IPTV Suisse \u2013 Test Gratuit Disponible\",\"publisher\":{\"@id\":\"https:\\\/\\\/swisstream.net\\\/#organization\"},\"alternateName\":\"swisstream iptv\",\"potentialAction\":[{\"@type\":\"SearchAction\",\"target\":{\"@type\":\"EntryPoint\",\"urlTemplate\":\"https:\\\/\\\/swisstream.net\\\/?s={search_term_string}\"},\"query-input\":{\"@type\":\"PropertyValueSpecification\",\"valueRequired\":true,\"valueName\":\"search_term_string\"}}],\"inLanguage\":\"en-US\"},{\"@type\":\"Organization\",\"@id\":\"https:\\\/\\\/swisstream.net\\\/#organization\",\"name\":\"Swisstream\",\"alternateName\":\"swisstream iptv\",\"url\":\"https:\\\/\\\/swisstream.net\\\/\",\"logo\":{\"@type\":\"ImageObject\",\"inLanguage\":\"en-US\",\"@id\":\"https:\\\/\\\/swisstream.net\\\/#\\\/schema\\\/logo\\\/image\\\/\",\"url\":\"https:\\\/\\\/swisstream.net\\\/wp-content\\\/uploads\\\/2024\\\/04\\\/WhatsApp-Image-2024-03-17-at-16.52.38_44da6d17.webp\",\"contentUrl\":\"https:\\\/\\\/swisstream.net\\\/wp-content\\\/uploads\\\/2024\\\/04\\\/WhatsApp-Image-2024-03-17-at-16.52.38_44da6d17.webp\",\"width\":1200,\"height\":1200,\"caption\":\"Swisstream\"},\"image\":{\"@id\":\"https:\\\/\\\/swisstream.net\\\/#\\\/schema\\\/logo\\\/image\\\/\"}}]}<\/script>\n<!-- \/ Yoast SEO plugin. -->","yoast_head_json":{"title":"Politique de Confidentialit\u00e9 - Abonnement IPTV Suisse","robots":{"index":"index","follow":"follow","max-snippet":"max-snippet:-1","max-image-preview":"max-image-preview:large","max-video-preview":"max-video-preview:-1"},"canonical":"https:\/\/swisstream.net\/en\/privacy-policy\/","og_locale":"en_US","og_type":"article","og_title":"Politique de Confidentialit\u00e9 - Abonnement IPTV Suisse","og_description":"Politique de Confidentialit\u00e9 Swisstream &#8211; Politique de Confidentialit\u00e9 Chez Swisstream, la confidentialit\u00e9 de nos visiteurs est l&rsquo;une de nos principales priorit\u00e9s. Ce document de politique de confidentialit\u00e9 contient les types d&rsquo;informations collect\u00e9es et enregistr\u00e9es par Swisstream et comment nous les utilisons. Si vous avez des questions suppl\u00e9mentaires ou si vous avez besoin de plus d&rsquo;informations [&hellip;]","og_url":"https:\/\/swisstream.net\/en\/privacy-policy\/","og_site_name":"Abonnement IPTV Suisse","article_modified_time":"2023-12-24T15:15:49+00:00","og_image":[{"width":1200,"height":675,"url":"https:\/\/swisstream.net\/wp-content\/uploads\/2024\/04\/suisse-iptv-1.webp","type":"image\/webp"}],"twitter_card":"summary_large_image","twitter_misc":{"Est. reading time":"6 minutes"},"schema":{"@context":"https:\/\/schema.org","@graph":[{"@type":"WebPage","@id":"https:\/\/swisstream.net\/politique-de-confidentialite\/","url":"https:\/\/swisstream.net\/politique-de-confidentialite\/","name":"Politique de Confidentialit\u00e9 - Abonnement IPTV Suisse","isPartOf":{"@id":"https:\/\/swisstream.net\/#website"},"datePublished":"2023-12-23T21:21:32+00:00","dateModified":"2023-12-24T15:15:49+00:00","breadcrumb":{"@id":"https:\/\/swisstream.net\/politique-de-confidentialite\/#breadcrumb"},"inLanguage":"en-US","potentialAction":[{"@type":"ReadAction","target":["https:\/\/swisstream.net\/politique-de-confidentialite\/"]}]},{"@type":"BreadcrumbList","@id":"https:\/\/swisstream.net\/politique-de-confidentialite\/#breadcrumb","itemListElement":[{"@type":"ListItem","position":1,"name":"Home","item":"https:\/\/swisstream.net\/"},{"@type":"ListItem","position":2,"name":"Politique de Confidentialit\u00e9"}]},{"@type":"WebSite","@id":"https:\/\/swisstream.net\/#website","url":"https:\/\/swisstream.net\/","name":"Swisstream","description":"Swiss IPTV Subscription \u2013 Free Trial Available","publisher":{"@id":"https:\/\/swisstream.net\/#organization"},"alternateName":"swisstream iptv","potentialAction":[{"@type":"SearchAction","target":{"@type":"EntryPoint","urlTemplate":"https:\/\/swisstream.net\/?s={search_term_string}"},"query-input":{"@type":"PropertyValueSpecification","valueRequired":true,"valueName":"search_term_string"}}],"inLanguage":"en-US"},{"@type":"Organization","@id":"https:\/\/swisstream.net\/#organization","name":"Swisstream","alternateName":"swisstream iptv","url":"https:\/\/swisstream.net\/","logo":{"@type":"ImageObject","inLanguage":"en-US","@id":"https:\/\/swisstream.net\/#\/schema\/logo\/image\/","url":"https:\/\/swisstream.net\/wp-content\/uploads\/2024\/04\/WhatsApp-Image-2024-03-17-at-16.52.38_44da6d17.webp","contentUrl":"https:\/\/swisstream.net\/wp-content\/uploads\/2024\/04\/WhatsApp-Image-2024-03-17-at-16.52.38_44da6d17.webp","width":1200,"height":1200,"caption":"Swisstream"},"image":{"@id":"https:\/\/swisstream.net\/#\/schema\/logo\/image\/"}}]}},"_links":{"self":[{"href":"https:\/\/swisstream.net\/en\/wp-json\/wp\/v2\/pages\/266","targetHints":{"allow":["GET"]}}],"collection":[{"href":"https:\/\/swisstream.net\/en\/wp-json\/wp\/v2\/pages"}],"about":[{"href":"https:\/\/swisstream.net\/en\/wp-json\/wp\/v2\/types\/page"}],"author":[{"embeddable":true,"href":"https:\/\/swisstream.net\/en\/wp-json\/wp\/v2\/users\/1"}],"replies":[{"embeddable":true,"href":"https:\/\/swisstream.net\/en\/wp-json\/wp\/v2\/comments?post=266"}],"version-history":[{"count":0,"href":"https:\/\/swisstream.net\/en\/wp-json\/wp\/v2\/pages\/266\/revisions"}],"wp:attachment":[{"href":"https:\/\/swisstream.net\/en\/wp-json\/wp\/v2\/media?parent=266"}],"curies":[{"name":"wp","href":"https:\/\/api.w.org\/{rel}","templated":true}]}}