{"id":235,"date":"2023-12-22T18:38:23","date_gmt":"2023-12-22T17:38:23","guid":{"rendered":"https:\/\/swisstream.net\/?page_id=235"},"modified":"2024-07-27T21:59:50","modified_gmt":"2024-07-27T20:59:50","slug":"refund-policy","status":"publish","type":"page","link":"https:\/\/swisstream.net\/en\/refund-policy\/","title":{"rendered":"Refund Policy"},"content":{"rendered":"<div data-elementor-type=\"wp-page\" data-elementor-id=\"235\" class=\"elementor elementor-235\" data-elementor-post-type=\"page\">\n\t\t\t\t<div class=\"has_eae_slider elementor-element elementor-element-150c0ee3 e-flex e-con-boxed e-con e-parent\" data-eae-slider=\"22931\" data-particle_enable=\"false\" data-particle-mobile-disabled=\"false\" data-id=\"150c0ee3\" data-element_type=\"container\" data-e-type=\"container\">\n\t\t\t\t\t<div class=\"e-con-inner\">\n\t\t\t\t<div class=\"elementor-element elementor-element-90e0ee1 elementor-widget elementor-widget-heading\" data-id=\"90e0ee1\" data-element_type=\"widget\" data-e-type=\"widget\" data-widget_type=\"heading.default\">\n\t\t\t\t<div class=\"elementor-widget-container\">\n\t\t\t\t\t<h2 class=\"elementor-heading-title elementor-size-default\">Refund Policy<\/h2>\t\t\t\t<\/div>\n\t\t\t\t<\/div>\n\t\t\t\t<div class=\"elementor-element elementor-element-7320c723 elementor-widget-mobile__width-inherit elementor-widget elementor-widget-text-editor\" data-id=\"7320c723\" data-element_type=\"widget\" data-e-type=\"widget\" data-widget_type=\"text-editor.default\">\n\t\t\t\t<div class=\"elementor-widget-container\">\n\t\t\t\t\t\t\t\t\t<p>Chez <strong>Swisstream<\/strong>, nous tenons \u00e0 nous assurer que vous \u00eates pleinement satisfait de votre achat. Si vous rencontrez des probl\u00e8mes techniques ou de vente, n&rsquo;h\u00e9sitez pas \u00e0 nous contacter \u00e0 l&rsquo;adresse suivante : <strong><span style=\"text-decoration: underline;\"><a target=\"_new\">support@swisstream.ch<\/a><\/span><\/strong><\/p><p>En cas o\u00f9 notre support technique ne r\u00e9sout pas votre probl\u00e8me dans les 10 jours ouvrables, vous avez la possibilit\u00e9 d&rsquo;obtenir un remboursement int\u00e9gral.\u00a0<\/p><p>Nous voulons rectifier les choses et nous assurons que nos services sont tr\u00e8s stables dans la plupart des cas, et vous ne rencontrerez pas de probl\u00e8mes que nous ne pouvons pas r\u00e9soudre. Le remboursement vous couvrira dans tous les cas de probl\u00e8me provenant de notre c\u00f4t\u00e9 technique.<\/p><p>Nous aimerions vous entendre afin de nous donner une chance de nous am\u00e9liorer et de r\u00e9soudre chaque probl\u00e8me. Cependant, si n\u00e9cessaire, nous nous engageons \u00e0 vous rembourser dans les 7 jours si vous n&rsquo;\u00eates pas satisfait de nos services. Suivez les instructions ci-dessous pour obtenir un remboursement int\u00e9gral dans les 7 jours suivant votre achat.\u00a0<\/p><p>Veuillez noter que nous faisons de notre mieux pour suivre notre politique et vous rembourser aussi rapidement que possible. Mais en raison de circonstances impr\u00e9vues telles que les processeurs de paiement, les banques et les institutions financi\u00e8res, le remboursement peut prendre jusqu&rsquo;\u00e0 15 jours pour appara\u00eetre sur votre compte bancaire. Une fois qu&rsquo;un abonnement est termin\u00e9 et rembours\u00e9, vous ne pourrez plus vous abonner \u00e0 nos services chez <strong>Swisstream<\/strong> \u00e0 l&rsquo;avenir.<\/p><p><strong>Comment Demander un Remboursement ?<\/strong><\/p><p>\u00a0Veuillez suivre les instructions ci-dessous pour que nous puissions traiter votre remboursement.<\/p><ol><li>Remplissez le formulaire de contact pour demander un remboursement.<\/li><li>L&rsquo;adresse e-mail ne doit pas \u00eatre diff\u00e9rente de celle que vous avez utilis\u00e9e lors de votre abonnement et de l&rsquo;achat de notre service.<\/li><\/ol><div>\u00a0<\/div><p>Votre satisfaction est notre priorit\u00e9 absolue, et nous vous sommes profond\u00e9ment reconnaissants pour votre soutien continu. Si vous avez d&rsquo;autres questions, n&rsquo;h\u00e9sitez pas \u00e0 nous le faire savoir.<\/p><p>Merci de faire partie de <strong>Swisstream<\/strong>. Nous appr\u00e9cions votre compr\u00e9hension et votre coop\u00e9ration.<\/p>\t\t\t\t\t\t\t\t<\/div>\n\t\t\t\t<\/div>\n\t\t\t\t\t<\/div>\n\t\t\t\t<\/div>\n\t\t\t\t<\/div>","protected":false},"excerpt":{"rendered":"<p>Politique de Remboursement Chez Swisstream, nous tenons \u00e0 nous assurer que vous \u00eates pleinement satisfait de votre achat. Si vous rencontrez des probl\u00e8mes techniques ou de vente, n&rsquo;h\u00e9sitez pas \u00e0 nous contacter \u00e0 l&rsquo;adresse suivante : support@swisstream.ch En cas o\u00f9 notre support technique ne r\u00e9sout pas votre probl\u00e8me dans les 10 jours ouvrables, vous avez [&hellip;]<\/p>\n","protected":false},"author":1,"featured_media":0,"parent":0,"menu_order":0,"comment_status":"closed","ping_status":"closed","template":"","meta":{"_monsterinsights_skip_tracking":false,"_monsterinsights_sitenote_active":false,"_monsterinsights_sitenote_note":"","_monsterinsights_sitenote_category":0,"footnotes":""},"class_list":["post-235","page","type-page","status-publish","hentry"],"yoast_head":"<!-- This site is optimized with the Yoast SEO plugin v27.4 - https:\/\/yoast.com\/product\/yoast-seo-wordpress\/ -->\n<title>Politique de Remboursement - Abonnement IPTV Suisse<\/title>\n<meta name=\"robots\" content=\"index, follow, max-snippet:-1, max-image-preview:large, max-video-preview:-1\" \/>\n<link rel=\"canonical\" href=\"https:\/\/swisstream.net\/en\/refund-policy\/\" \/>\n<meta property=\"og:locale\" content=\"en_US\" \/>\n<meta property=\"og:type\" content=\"article\" \/>\n<meta property=\"og:title\" content=\"Politique de Remboursement - Abonnement IPTV Suisse\" \/>\n<meta property=\"og:description\" content=\"Politique de Remboursement Chez Swisstream, nous tenons \u00e0 nous assurer que vous \u00eates pleinement satisfait de votre achat. Si vous rencontrez des probl\u00e8mes techniques ou de vente, n&rsquo;h\u00e9sitez pas \u00e0 nous contacter \u00e0 l&rsquo;adresse suivante : support@swisstream.ch En cas o\u00f9 notre support technique ne r\u00e9sout pas votre probl\u00e8me dans les 10 jours ouvrables, vous avez [&hellip;]\" \/>\n<meta property=\"og:url\" content=\"https:\/\/swisstream.net\/en\/refund-policy\/\" \/>\n<meta property=\"og:site_name\" content=\"Abonnement IPTV Suisse\" \/>\n<meta property=\"article:modified_time\" content=\"2024-07-27T20:59:50+00:00\" \/>\n<meta property=\"og:image\" content=\"https:\/\/swisstream.net\/wp-content\/uploads\/2024\/04\/suisse-iptv-1.webp\" \/>\n\t<meta property=\"og:image:width\" content=\"1200\" \/>\n\t<meta property=\"og:image:height\" content=\"675\" \/>\n\t<meta property=\"og:image:type\" content=\"image\/webp\" \/>\n<meta name=\"twitter:card\" content=\"summary_large_image\" \/>\n<meta name=\"twitter:label1\" content=\"Est. reading time\" \/>\n\t<meta name=\"twitter:data1\" content=\"2 minutes\" \/>\n<script type=\"application\/ld+json\" class=\"yoast-schema-graph\">{\"@context\":\"https:\\\/\\\/schema.org\",\"@graph\":[{\"@type\":\"WebPage\",\"@id\":\"https:\\\/\\\/swisstream.net\\\/politique-de-remboursement\\\/\",\"url\":\"https:\\\/\\\/swisstream.net\\\/politique-de-remboursement\\\/\",\"name\":\"Politique de Remboursement - Abonnement IPTV Suisse\",\"isPartOf\":{\"@id\":\"https:\\\/\\\/swisstream.net\\\/#website\"},\"datePublished\":\"2023-12-22T17:38:23+00:00\",\"dateModified\":\"2024-07-27T20:59:50+00:00\",\"breadcrumb\":{\"@id\":\"https:\\\/\\\/swisstream.net\\\/politique-de-remboursement\\\/#breadcrumb\"},\"inLanguage\":\"en-US\",\"potentialAction\":[{\"@type\":\"ReadAction\",\"target\":[\"https:\\\/\\\/swisstream.net\\\/politique-de-remboursement\\\/\"]}]},{\"@type\":\"BreadcrumbList\",\"@id\":\"https:\\\/\\\/swisstream.net\\\/politique-de-remboursement\\\/#breadcrumb\",\"itemListElement\":[{\"@type\":\"ListItem\",\"position\":1,\"name\":\"Home\",\"item\":\"https:\\\/\\\/swisstream.net\\\/\"},{\"@type\":\"ListItem\",\"position\":2,\"name\":\"Politique de Remboursement\"}]},{\"@type\":\"WebSite\",\"@id\":\"https:\\\/\\\/swisstream.net\\\/#website\",\"url\":\"https:\\\/\\\/swisstream.net\\\/\",\"name\":\"Swisstream\",\"description\":\"Abonnement IPTV Suisse \u2013 Test Gratuit Disponible\",\"publisher\":{\"@id\":\"https:\\\/\\\/swisstream.net\\\/#organization\"},\"alternateName\":\"swisstream iptv\",\"potentialAction\":[{\"@type\":\"SearchAction\",\"target\":{\"@type\":\"EntryPoint\",\"urlTemplate\":\"https:\\\/\\\/swisstream.net\\\/?s={search_term_string}\"},\"query-input\":{\"@type\":\"PropertyValueSpecification\",\"valueRequired\":true,\"valueName\":\"search_term_string\"}}],\"inLanguage\":\"en-US\"},{\"@type\":\"Organization\",\"@id\":\"https:\\\/\\\/swisstream.net\\\/#organization\",\"name\":\"Swisstream\",\"alternateName\":\"swisstream iptv\",\"url\":\"https:\\\/\\\/swisstream.net\\\/\",\"logo\":{\"@type\":\"ImageObject\",\"inLanguage\":\"en-US\",\"@id\":\"https:\\\/\\\/swisstream.net\\\/#\\\/schema\\\/logo\\\/image\\\/\",\"url\":\"https:\\\/\\\/swisstream.net\\\/wp-content\\\/uploads\\\/2024\\\/04\\\/WhatsApp-Image-2024-03-17-at-16.52.38_44da6d17.webp\",\"contentUrl\":\"https:\\\/\\\/swisstream.net\\\/wp-content\\\/uploads\\\/2024\\\/04\\\/WhatsApp-Image-2024-03-17-at-16.52.38_44da6d17.webp\",\"width\":1200,\"height\":1200,\"caption\":\"Swisstream\"},\"image\":{\"@id\":\"https:\\\/\\\/swisstream.net\\\/#\\\/schema\\\/logo\\\/image\\\/\"}}]}<\/script>\n<!-- \/ Yoast SEO plugin. -->","yoast_head_json":{"title":"Politique de Remboursement - Abonnement IPTV Suisse","robots":{"index":"index","follow":"follow","max-snippet":"max-snippet:-1","max-image-preview":"max-image-preview:large","max-video-preview":"max-video-preview:-1"},"canonical":"https:\/\/swisstream.net\/en\/refund-policy\/","og_locale":"en_US","og_type":"article","og_title":"Politique de Remboursement - Abonnement IPTV Suisse","og_description":"Politique de Remboursement Chez Swisstream, nous tenons \u00e0 nous assurer que vous \u00eates pleinement satisfait de votre achat. Si vous rencontrez des probl\u00e8mes techniques ou de vente, n&rsquo;h\u00e9sitez pas \u00e0 nous contacter \u00e0 l&rsquo;adresse suivante : support@swisstream.ch En cas o\u00f9 notre support technique ne r\u00e9sout pas votre probl\u00e8me dans les 10 jours ouvrables, vous avez [&hellip;]","og_url":"https:\/\/swisstream.net\/en\/refund-policy\/","og_site_name":"Abonnement IPTV Suisse","article_modified_time":"2024-07-27T20:59:50+00:00","og_image":[{"width":1200,"height":675,"url":"https:\/\/swisstream.net\/wp-content\/uploads\/2024\/04\/suisse-iptv-1.webp","type":"image\/webp"}],"twitter_card":"summary_large_image","twitter_misc":{"Est. reading time":"2 minutes"},"schema":{"@context":"https:\/\/schema.org","@graph":[{"@type":"WebPage","@id":"https:\/\/swisstream.net\/politique-de-remboursement\/","url":"https:\/\/swisstream.net\/politique-de-remboursement\/","name":"Politique de Remboursement - Abonnement IPTV Suisse","isPartOf":{"@id":"https:\/\/swisstream.net\/#website"},"datePublished":"2023-12-22T17:38:23+00:00","dateModified":"2024-07-27T20:59:50+00:00","breadcrumb":{"@id":"https:\/\/swisstream.net\/politique-de-remboursement\/#breadcrumb"},"inLanguage":"en-US","potentialAction":[{"@type":"ReadAction","target":["https:\/\/swisstream.net\/politique-de-remboursement\/"]}]},{"@type":"BreadcrumbList","@id":"https:\/\/swisstream.net\/politique-de-remboursement\/#breadcrumb","itemListElement":[{"@type":"ListItem","position":1,"name":"Home","item":"https:\/\/swisstream.net\/"},{"@type":"ListItem","position":2,"name":"Politique de Remboursement"}]},{"@type":"WebSite","@id":"https:\/\/swisstream.net\/#website","url":"https:\/\/swisstream.net\/","name":"Swisstream","description":"Swiss IPTV Subscription \u2013 Free Trial Available","publisher":{"@id":"https:\/\/swisstream.net\/#organization"},"alternateName":"swisstream iptv","potentialAction":[{"@type":"SearchAction","target":{"@type":"EntryPoint","urlTemplate":"https:\/\/swisstream.net\/?s={search_term_string}"},"query-input":{"@type":"PropertyValueSpecification","valueRequired":true,"valueName":"search_term_string"}}],"inLanguage":"en-US"},{"@type":"Organization","@id":"https:\/\/swisstream.net\/#organization","name":"Swisstream","alternateName":"swisstream iptv","url":"https:\/\/swisstream.net\/","logo":{"@type":"ImageObject","inLanguage":"en-US","@id":"https:\/\/swisstream.net\/#\/schema\/logo\/image\/","url":"https:\/\/swisstream.net\/wp-content\/uploads\/2024\/04\/WhatsApp-Image-2024-03-17-at-16.52.38_44da6d17.webp","contentUrl":"https:\/\/swisstream.net\/wp-content\/uploads\/2024\/04\/WhatsApp-Image-2024-03-17-at-16.52.38_44da6d17.webp","width":1200,"height":1200,"caption":"Swisstream"},"image":{"@id":"https:\/\/swisstream.net\/#\/schema\/logo\/image\/"}}]}},"_links":{"self":[{"href":"https:\/\/swisstream.net\/en\/wp-json\/wp\/v2\/pages\/235","targetHints":{"allow":["GET"]}}],"collection":[{"href":"https:\/\/swisstream.net\/en\/wp-json\/wp\/v2\/pages"}],"about":[{"href":"https:\/\/swisstream.net\/en\/wp-json\/wp\/v2\/types\/page"}],"author":[{"embeddable":true,"href":"https:\/\/swisstream.net\/en\/wp-json\/wp\/v2\/users\/1"}],"replies":[{"embeddable":true,"href":"https:\/\/swisstream.net\/en\/wp-json\/wp\/v2\/comments?post=235"}],"version-history":[{"count":6,"href":"https:\/\/swisstream.net\/en\/wp-json\/wp\/v2\/pages\/235\/revisions"}],"predecessor-version":[{"id":1222,"href":"https:\/\/swisstream.net\/en\/wp-json\/wp\/v2\/pages\/235\/revisions\/1222"}],"wp:attachment":[{"href":"https:\/\/swisstream.net\/en\/wp-json\/wp\/v2\/media?parent=235"}],"curies":[{"name":"wp","href":"https:\/\/api.w.org\/{rel}","templated":true}]}}