{"id":215,"date":"2023-12-22T15:01:02","date_gmt":"2023-12-22T14:01:02","guid":{"rendered":"https:\/\/swisstream.net\/?page_id=215"},"modified":"2024-07-27T22:36:17","modified_gmt":"2024-07-27T21:36:17","slug":"terms-and-conditions","status":"publish","type":"page","link":"https:\/\/swisstream.net\/en\/terms-and-conditions\/","title":{"rendered":"Terms and Conditions"},"content":{"rendered":"<div data-elementor-type=\"wp-page\" data-elementor-id=\"215\" class=\"elementor elementor-215\" data-elementor-post-type=\"page\">\n\t\t\t\t<div class=\"has_eae_slider elementor-element elementor-element-660d7b19 e-flex e-con-boxed e-con e-parent\" data-eae-slider=\"55000\" data-particle_enable=\"false\" data-particle-mobile-disabled=\"false\" data-id=\"660d7b19\" data-element_type=\"container\" data-e-type=\"container\">\n\t\t\t\t\t<div class=\"e-con-inner\">\n\t\t\t\t<div class=\"elementor-element elementor-element-3a98e9e elementor-widget elementor-widget-heading\" data-id=\"3a98e9e\" data-element_type=\"widget\" data-e-type=\"widget\" data-widget_type=\"heading.default\">\n\t\t\t\t<div class=\"elementor-widget-container\">\n\t\t\t\t\t<h2 class=\"elementor-heading-title elementor-size-default\">Terms and Conditions<\/h2>\t\t\t\t<\/div>\n\t\t\t\t<\/div>\n\t\t\t\t<div class=\"elementor-element elementor-element-1ebf4abb elementor-widget elementor-widget-text-editor\" data-id=\"1ebf4abb\" data-element_type=\"widget\" data-e-type=\"widget\" data-widget_type=\"text-editor.default\">\n\t\t\t\t<div class=\"elementor-widget-container\">\n\t\t\t\t\t\t\t\t\t<p><\/p>\n<p><strong>Bienvenue sur Swisstream.net !<\/strong><\/p>\n<p><\/p>\n<p><\/p>\n<p>Nous appr\u00e9cions votre int\u00e9r\u00eat pour nos services. Avant de passer une commande, veuillez prendre un moment pour lire et comprendre nos termes et conditions. Votre satisfaction et une exp\u00e9rience fluide sont nos priorit\u00e9s.<\/p>\n<p><\/p>\n<p><\/p>\n<p><strong>Aper\u00e7u des Services IPTV<\/strong><\/p>\n<p><\/p>\n<p><\/p>\n<p>Swisstream.net propose des abonnements IPTV et des plans revendeurs IPTV, offrant une gamme s\u00e9duisante de cha\u00eenes de t\u00e9l\u00e9vision en direct, de vid\u00e9os \u00e0 la demande, de films et de s\u00e9ries t\u00e9l\u00e9vis\u00e9es, le tout dans le monde num\u00e9rique.<\/p>\n<p><\/p>\n<p><\/p>\n<p><strong>Reconnaissance des Conditions G\u00e9n\u00e9rales<\/strong><\/p>\n<p><\/p>\n<p><\/p>\n<p>En choisissant de vous abonner ou de faire un achat chez nous, vous exprimez votre compr\u00e9hension et votre accord avec les termes et conditions suivants :<\/p>\n<p><\/p>\n<p><\/p>\n<p><strong>Exigence d&rsquo;\u00c2ge Minimum<\/strong><\/p>\n<p><\/p>\n<p><\/p>\n<p>Pour profiter des services offerts sur notre site, veuillez avoir au moins 18 ans.<\/p>\n<p><\/p>\n<p><\/p>\n<p><strong>Limitations de Connexion<\/strong><\/p>\n<p><\/p>\n<p><\/p>\n<p>Pour chaque abonnement, une seule connexion est autoris\u00e9e. Veuillez noter que l&rsquo;utilisation de plus d&rsquo;une connexion peut entra\u00eener la suspension de votre abonnement et de votre adresse IP par le fournisseur, et malheureusement, aucun remboursement ne peut \u00eatre fourni.<\/p>\n<p><\/p>\n<p><\/p>\n<p><strong>Cha\u00eenes de T\u00e9l\u00e9vision en Direct et Vid\u00e9o \u00e0 la Demande<\/strong><\/p>\n<p><\/p>\n<p><\/p>\n<p>La disponibilit\u00e9 des cha\u00eenes et du contenu vid\u00e9o \u00e0 la demande peut changer, \u00eatre mis \u00e0 jour ou supprim\u00e9 sans pr\u00e9avis. Des changements dans les cat\u00e9gories ou le contenu peuvent survenir \u00e0 tout moment. Nous tenons \u00e0 vous assurer que Swisstream.net n&rsquo;a aucun contr\u00f4le sur le contenu fourni, l&rsquo;EPG, ou les mises \u00e0 jour qui y sont apport\u00e9es.<\/p>\n<p><\/p>\n<p><\/p>\n<p><strong>Comportement d&rsquo;Utilisation Acceptable<\/strong><\/p>\n<p><\/p>\n<p><\/p>\n<p>Afin de maintenir la qualit\u00e9 et l&rsquo;int\u00e9grit\u00e9 de notre service, nous vous demandons de vous abstenir de tout re-streaming, transmission de contenu, ou distribution du contenu fourni. Nous appr\u00e9cions votre coop\u00e9ration pour garantir une exp\u00e9rience positive pour tous les utilisateurs.<\/p>\n<p><\/p>\n<p><\/p>\n<p>Si vous avez des questions ou avez besoin de clarification sur un aspect quelconque de nos termes et conditions, n&rsquo;h\u00e9sitez pas \u00e0 nous contacter. Nous appr\u00e9cions votre compr\u00e9hension et votre coop\u00e9ration.<\/p>\n<p><\/p>\n<p><\/p>\n<p><strong>Qualit\u00e9 du Contenu Fourni<\/strong><\/p>\n<p><\/p>\n<p><\/p>\n<p>En raison de la nature de l&rsquo;IPTV et des facteurs sur lesquels elle d\u00e9pend, tels que le fournisseur de services Internet, la vitesse d&rsquo;Internet, la bande passante, les sources de diffusion en continu et de nombreuses autres variables, nous ne pouvons garantir que le contenu fonctionnera \u00e0 100% tout le temps. Des probl\u00e8mes tels que le buffering, le gel ou le non-fonctionnement du contenu peuvent survenir.<\/p>\n<p><\/p>\n<p><\/p>\n<p>Afin de minimiser les probl\u00e8mes potentiels, veuillez vous assurer d&rsquo;avoir une connexion Internet \u00e0 haute vitesse et v\u00e9rifiez que votre fournisseur de services autorise les serveurs IPTV.<\/p>\n<p><\/p>\n<p><\/p>\n<p>Veuillez noter que le partage de votre abonnement entra\u00eenera \u00e9galement une r\u00e9siliation imm\u00e9diate sans pr\u00e9avis.<\/p>\n<p><\/p>\n<p><\/p>\n<p><strong>Pays Non Pris en Charge<\/strong><\/p>\n<p><\/p>\n<p><\/p>\n<p>Notre service fonctionne partout dans le monde, \u00e0 condition que votre fournisseur de services Internet ne bloque pas nos services.<\/p>\n<p><\/p>\n<p><\/p>\n<p><strong>Frais d&rsquo;Utilisation des Donn\u00e9es<\/strong><\/p>\n<p><\/p>\n<p><\/p>\n<p>Le client est responsable de toutes les d\u00e9penses ou charges li\u00e9es \u00e0 l&rsquo;utilisation de leurs donn\u00e9es ou aux frais Internet.<\/p>\n<p><\/p>\n<p><\/p>\n<p><strong>Informations Fournies<\/strong><\/p>\n<p><\/p>\n<p><\/p>\n<p>Toutes les informations ou donn\u00e9es fournies doivent \u00eatre exactes. Vous devez \u00eatre propri\u00e9taire ou avoir le droit d&rsquo;utiliser le mode de paiement utilis\u00e9 pour acheter un produit chez nous.<\/p>\n<p><\/p>\n<p><\/p>\n<p><strong>Ajustements \u00e0 Nos Termes et Conditions<\/strong><\/p>\n<p><\/p>\n<p><\/p>\n<p>Ces termes et conditions peuvent \u00eatre modifi\u00e9s \u00e0 tout moment sans pr\u00e9avis, y compris notre politique de confidentialit\u00e9, avec ou sans notification au client. Tout changement sera effectif d\u00e8s la publication. En continuant d&rsquo;utiliser notre service et ce site apr\u00e8s toute modification, vous reconnaissez avoir lu les termes modifi\u00e9s.<\/p>\n<p><\/p>\n<p><\/p>\n<p><strong>Changements \u00e0 la Biblioth\u00e8que VOD<\/strong><\/p>\n<p><\/p>\n<p><\/p>\n<p>Le nombre de cha\u00eenes et de films dans la biblioth\u00e8que VOD peut changer chaque semaine \u00e0 mesure que nous mettons \u00e0 jour nos offres.<\/p>\n<p><\/p>\n<p><\/p>\n<p><strong>Tarification<\/strong><\/p>\n<p><\/p>\n<p><\/p>\n<p>Les services fournis par IPTV Palace sont sujets \u00e0 des changements et mises \u00e0 jour \u00e0 tout moment et sans pr\u00e9avis.<\/p>\n<p><\/p>\n<p><\/p>\n<p>Des remises et des promotions peuvent survenir \u00e0 tout moment. En cas d&rsquo;achat d&rsquo;un service avant une offre, il ne peut pas \u00eatre rembours\u00e9 pour profiter de cette offre.<\/p>\n<p><\/p>\n<p><\/p>\n<p><strong>D\u00e9tails de l&rsquo;Abonnement<\/strong><\/p>\n<p><\/p>\n<p><\/p>\n<p>Vous devez suivre les d\u00e9tails et les instructions avant d&rsquo;acheter un abonnement IPTV chez nous, ou en cas de probl\u00e8mes.<\/p>\n<p><\/p>\n<p><\/p>\n<p><strong>Suspension et Temps d&rsquo;Arr\u00eat<\/strong><\/p>\n<p><\/p>\n<p><\/p>\n<p>En plus de nos droits et conditions pour r\u00e9silier ou d\u00e9sactiver l&rsquo;abonnement, vous confirmez et acceptez des temps d&rsquo;arr\u00eat en cas de maintenance du serveur, de mises \u00e0 jour ou de probl\u00e8mes li\u00e9s au serveur. Vous ne serez pas notifi\u00e9 de ces \u00e9v\u00e9nements jusqu&rsquo;\u00e0 ce qu&rsquo;ils surviennent.<\/p>\n<p><\/p>\n<p><\/p>\n<p>Toutes les communications et conditions devant \u00eatre faites ou offertes en vertu de cet accord doivent \u00eatre en langue francais, anglaise. Nous avons l&rsquo;autorit\u00e9 et le droit de r\u00e9silier imm\u00e9diatement ou de limiter votre utilisation des Services ou l&rsquo;acc\u00e8s au Contenu \u00e0 tout moment, sans pr\u00e9avis ni responsabilit\u00e9, dans le cas o\u00f9 Swisstream.net d\u00e9terminerait \u00e0 sa seule discr\u00e9tion que vous avez enfreint l&rsquo;une des conditions ci-dessus, la loi ou la r\u00e9glementation concernant tout Contenu, y compris.<\/p>\n<p><\/p>\t\t\t\t\t\t\t\t<\/div>\n\t\t\t\t<\/div>\n\t\t\t\t\t<\/div>\n\t\t\t\t<\/div>\n\t\t\t\t<\/div>","protected":false},"excerpt":{"rendered":"<p>Termes et conditions Bienvenue sur Swisstream.net ! Nous appr\u00e9cions votre int\u00e9r\u00eat pour nos services. Avant de passer une commande, veuillez prendre un moment pour lire et comprendre nos termes et conditions. Votre satisfaction et une exp\u00e9rience fluide sont nos priorit\u00e9s. Aper\u00e7u des Services IPTV Swisstream.net propose des abonnements IPTV et des plans revendeurs IPTV, offrant [&hellip;]<\/p>\n","protected":false},"author":1,"featured_media":0,"parent":0,"menu_order":0,"comment_status":"closed","ping_status":"closed","template":"","meta":{"_monsterinsights_skip_tracking":false,"_monsterinsights_sitenote_active":false,"_monsterinsights_sitenote_note":"","_monsterinsights_sitenote_category":0,"footnotes":""},"class_list":["post-215","page","type-page","status-publish","hentry"],"yoast_head":"<!-- This site is optimized with the Yoast SEO plugin v27.4 - https:\/\/yoast.com\/product\/yoast-seo-wordpress\/ -->\n<title>Termes et conditions - Abonnement IPTV Suisse<\/title>\n<meta name=\"robots\" content=\"index, follow, max-snippet:-1, max-image-preview:large, max-video-preview:-1\" \/>\n<link rel=\"canonical\" href=\"https:\/\/swisstream.net\/en\/terms-and-conditions\/\" \/>\n<meta property=\"og:locale\" content=\"en_US\" \/>\n<meta property=\"og:type\" content=\"article\" \/>\n<meta property=\"og:title\" content=\"Termes et conditions - Abonnement IPTV Suisse\" \/>\n<meta property=\"og:description\" content=\"Termes et conditions Bienvenue sur Swisstream.net ! Nous appr\u00e9cions votre int\u00e9r\u00eat pour nos services. Avant de passer une commande, veuillez prendre un moment pour lire et comprendre nos termes et conditions. Votre satisfaction et une exp\u00e9rience fluide sont nos priorit\u00e9s. Aper\u00e7u des Services IPTV Swisstream.net propose des abonnements IPTV et des plans revendeurs IPTV, offrant [&hellip;]\" \/>\n<meta property=\"og:url\" content=\"https:\/\/swisstream.net\/en\/terms-and-conditions\/\" \/>\n<meta property=\"og:site_name\" content=\"Abonnement IPTV Suisse\" \/>\n<meta property=\"article:modified_time\" content=\"2024-07-27T21:36:17+00:00\" \/>\n<meta property=\"og:image\" content=\"https:\/\/swisstream.net\/wp-content\/uploads\/2024\/04\/suisse-iptv-1.webp\" \/>\n\t<meta property=\"og:image:width\" content=\"1200\" \/>\n\t<meta property=\"og:image:height\" content=\"675\" \/>\n\t<meta property=\"og:image:type\" content=\"image\/webp\" \/>\n<meta name=\"twitter:card\" content=\"summary_large_image\" \/>\n<meta name=\"twitter:label1\" content=\"Est. reading time\" \/>\n\t<meta name=\"twitter:data1\" content=\"4 minutes\" \/>\n<script type=\"application\/ld+json\" class=\"yoast-schema-graph\">{\"@context\":\"https:\\\/\\\/schema.org\",\"@graph\":[{\"@type\":\"WebPage\",\"@id\":\"https:\\\/\\\/swisstream.net\\\/termes-et-conditions\\\/\",\"url\":\"https:\\\/\\\/swisstream.net\\\/termes-et-conditions\\\/\",\"name\":\"Termes et conditions - Abonnement IPTV Suisse\",\"isPartOf\":{\"@id\":\"https:\\\/\\\/swisstream.net\\\/#website\"},\"datePublished\":\"2023-12-22T14:01:02+00:00\",\"dateModified\":\"2024-07-27T21:36:17+00:00\",\"breadcrumb\":{\"@id\":\"https:\\\/\\\/swisstream.net\\\/termes-et-conditions\\\/#breadcrumb\"},\"inLanguage\":\"en-US\",\"potentialAction\":[{\"@type\":\"ReadAction\",\"target\":[\"https:\\\/\\\/swisstream.net\\\/termes-et-conditions\\\/\"]}]},{\"@type\":\"BreadcrumbList\",\"@id\":\"https:\\\/\\\/swisstream.net\\\/termes-et-conditions\\\/#breadcrumb\",\"itemListElement\":[{\"@type\":\"ListItem\",\"position\":1,\"name\":\"Home\",\"item\":\"https:\\\/\\\/swisstream.net\\\/\"},{\"@type\":\"ListItem\",\"position\":2,\"name\":\"Termes et conditions\"}]},{\"@type\":\"WebSite\",\"@id\":\"https:\\\/\\\/swisstream.net\\\/#website\",\"url\":\"https:\\\/\\\/swisstream.net\\\/\",\"name\":\"Swisstream\",\"description\":\"Abonnement IPTV Suisse \u2013 Test Gratuit Disponible\",\"publisher\":{\"@id\":\"https:\\\/\\\/swisstream.net\\\/#organization\"},\"alternateName\":\"swisstream iptv\",\"potentialAction\":[{\"@type\":\"SearchAction\",\"target\":{\"@type\":\"EntryPoint\",\"urlTemplate\":\"https:\\\/\\\/swisstream.net\\\/?s={search_term_string}\"},\"query-input\":{\"@type\":\"PropertyValueSpecification\",\"valueRequired\":true,\"valueName\":\"search_term_string\"}}],\"inLanguage\":\"en-US\"},{\"@type\":\"Organization\",\"@id\":\"https:\\\/\\\/swisstream.net\\\/#organization\",\"name\":\"Swisstream\",\"alternateName\":\"swisstream iptv\",\"url\":\"https:\\\/\\\/swisstream.net\\\/\",\"logo\":{\"@type\":\"ImageObject\",\"inLanguage\":\"en-US\",\"@id\":\"https:\\\/\\\/swisstream.net\\\/#\\\/schema\\\/logo\\\/image\\\/\",\"url\":\"https:\\\/\\\/swisstream.net\\\/wp-content\\\/uploads\\\/2024\\\/04\\\/WhatsApp-Image-2024-03-17-at-16.52.38_44da6d17.webp\",\"contentUrl\":\"https:\\\/\\\/swisstream.net\\\/wp-content\\\/uploads\\\/2024\\\/04\\\/WhatsApp-Image-2024-03-17-at-16.52.38_44da6d17.webp\",\"width\":1200,\"height\":1200,\"caption\":\"Swisstream\"},\"image\":{\"@id\":\"https:\\\/\\\/swisstream.net\\\/#\\\/schema\\\/logo\\\/image\\\/\"}}]}<\/script>\n<!-- \/ Yoast SEO plugin. -->","yoast_head_json":{"title":"Termes et conditions - Abonnement IPTV Suisse","robots":{"index":"index","follow":"follow","max-snippet":"max-snippet:-1","max-image-preview":"max-image-preview:large","max-video-preview":"max-video-preview:-1"},"canonical":"https:\/\/swisstream.net\/en\/terms-and-conditions\/","og_locale":"en_US","og_type":"article","og_title":"Termes et conditions - Abonnement IPTV Suisse","og_description":"Termes et conditions Bienvenue sur Swisstream.net ! Nous appr\u00e9cions votre int\u00e9r\u00eat pour nos services. Avant de passer une commande, veuillez prendre un moment pour lire et comprendre nos termes et conditions. Votre satisfaction et une exp\u00e9rience fluide sont nos priorit\u00e9s. Aper\u00e7u des Services IPTV Swisstream.net propose des abonnements IPTV et des plans revendeurs IPTV, offrant [&hellip;]","og_url":"https:\/\/swisstream.net\/en\/terms-and-conditions\/","og_site_name":"Abonnement IPTV Suisse","article_modified_time":"2024-07-27T21:36:17+00:00","og_image":[{"width":1200,"height":675,"url":"https:\/\/swisstream.net\/wp-content\/uploads\/2024\/04\/suisse-iptv-1.webp","type":"image\/webp"}],"twitter_card":"summary_large_image","twitter_misc":{"Est. reading time":"4 minutes"},"schema":{"@context":"https:\/\/schema.org","@graph":[{"@type":"WebPage","@id":"https:\/\/swisstream.net\/termes-et-conditions\/","url":"https:\/\/swisstream.net\/termes-et-conditions\/","name":"Termes et conditions - Abonnement IPTV Suisse","isPartOf":{"@id":"https:\/\/swisstream.net\/#website"},"datePublished":"2023-12-22T14:01:02+00:00","dateModified":"2024-07-27T21:36:17+00:00","breadcrumb":{"@id":"https:\/\/swisstream.net\/termes-et-conditions\/#breadcrumb"},"inLanguage":"en-US","potentialAction":[{"@type":"ReadAction","target":["https:\/\/swisstream.net\/termes-et-conditions\/"]}]},{"@type":"BreadcrumbList","@id":"https:\/\/swisstream.net\/termes-et-conditions\/#breadcrumb","itemListElement":[{"@type":"ListItem","position":1,"name":"Home","item":"https:\/\/swisstream.net\/"},{"@type":"ListItem","position":2,"name":"Termes et conditions"}]},{"@type":"WebSite","@id":"https:\/\/swisstream.net\/#website","url":"https:\/\/swisstream.net\/","name":"Swisstream","description":"Swiss IPTV Subscription \u2013 Free Trial Available","publisher":{"@id":"https:\/\/swisstream.net\/#organization"},"alternateName":"swisstream iptv","potentialAction":[{"@type":"SearchAction","target":{"@type":"EntryPoint","urlTemplate":"https:\/\/swisstream.net\/?s={search_term_string}"},"query-input":{"@type":"PropertyValueSpecification","valueRequired":true,"valueName":"search_term_string"}}],"inLanguage":"en-US"},{"@type":"Organization","@id":"https:\/\/swisstream.net\/#organization","name":"Swisstream","alternateName":"swisstream iptv","url":"https:\/\/swisstream.net\/","logo":{"@type":"ImageObject","inLanguage":"en-US","@id":"https:\/\/swisstream.net\/#\/schema\/logo\/image\/","url":"https:\/\/swisstream.net\/wp-content\/uploads\/2024\/04\/WhatsApp-Image-2024-03-17-at-16.52.38_44da6d17.webp","contentUrl":"https:\/\/swisstream.net\/wp-content\/uploads\/2024\/04\/WhatsApp-Image-2024-03-17-at-16.52.38_44da6d17.webp","width":1200,"height":1200,"caption":"Swisstream"},"image":{"@id":"https:\/\/swisstream.net\/#\/schema\/logo\/image\/"}}]}},"_links":{"self":[{"href":"https:\/\/swisstream.net\/en\/wp-json\/wp\/v2\/pages\/215","targetHints":{"allow":["GET"]}}],"collection":[{"href":"https:\/\/swisstream.net\/en\/wp-json\/wp\/v2\/pages"}],"about":[{"href":"https:\/\/swisstream.net\/en\/wp-json\/wp\/v2\/types\/page"}],"author":[{"embeddable":true,"href":"https:\/\/swisstream.net\/en\/wp-json\/wp\/v2\/users\/1"}],"replies":[{"embeddable":true,"href":"https:\/\/swisstream.net\/en\/wp-json\/wp\/v2\/comments?post=215"}],"version-history":[{"count":6,"href":"https:\/\/swisstream.net\/en\/wp-json\/wp\/v2\/pages\/215\/revisions"}],"predecessor-version":[{"id":1228,"href":"https:\/\/swisstream.net\/en\/wp-json\/wp\/v2\/pages\/215\/revisions\/1228"}],"wp:attachment":[{"href":"https:\/\/swisstream.net\/en\/wp-json\/wp\/v2\/media?parent=215"}],"curies":[{"name":"wp","href":"https:\/\/api.w.org\/{rel}","templated":true}]}}