{"id":266,"date":"2023-12-23T22:21:32","date_gmt":"2023-12-23T21:21:32","guid":{"rendered":"https:\/\/swisstream.net\/?page_id=266"},"modified":"2023-12-24T16:15:49","modified_gmt":"2023-12-24T15:15:49","slug":"datenschutzbestimmungen","status":"publish","type":"page","link":"https:\/\/swisstream.net\/de\/datenschutzbestimmungen\/","title":{"rendered":"Datenschutzbestimmungen"},"content":{"rendered":"<div data-elementor-type=\"wp-page\" data-elementor-id=\"266\" class=\"elementor elementor-266\" data-elementor-post-type=\"page\">\n\t\t\t\t<div class=\"has_eae_slider elementor-element elementor-element-517b8396 e-flex e-con-boxed e-con e-parent\" data-eae-slider=\"35345\" data-particle_enable=\"false\" data-particle-mobile-disabled=\"false\" data-id=\"517b8396\" data-element_type=\"container\" data-e-type=\"container\">\n\t\t\t\t\t<div class=\"e-con-inner\">\n\t\t\t\t<div class=\"elementor-element elementor-element-103373c elementor-widget elementor-widget-heading\" data-id=\"103373c\" data-element_type=\"widget\" data-e-type=\"widget\" data-widget_type=\"heading.default\">\n\t\t\t\t<div class=\"elementor-widget-container\">\n\t\t\t\t\t<h2 class=\"elementor-heading-title elementor-size-default\">Datenschutzbestimmungen\n<\/h2>\t\t\t\t<\/div>\n\t\t\t\t<\/div>\n\t\t\t\t<div class=\"elementor-element elementor-element-0444bf4 elementor-widget elementor-widget-heading\" data-id=\"0444bf4\" data-element_type=\"widget\" data-e-type=\"widget\" data-widget_type=\"heading.default\">\n\t\t\t\t<div class=\"elementor-widget-container\">\n\t\t\t\t\t<h2 class=\"elementor-heading-title elementor-size-default\">Swisstream - Datenschutzbestimmungen<\/h2>\t\t\t\t<\/div>\n\t\t\t\t<\/div>\n\t\t\t\t<div class=\"elementor-element elementor-element-2e0921b1 elementor-widget elementor-widget-text-editor\" data-id=\"2e0921b1\" data-element_type=\"widget\" data-e-type=\"widget\" data-widget_type=\"text-editor.default\">\n\t\t\t\t<div class=\"elementor-widget-container\">\n\t\t\t\t\t\t\t\t\t\n<p>Bei Swisstream hat der Datenschutz unserer Besucher oberste Priorit\u00e4t. Diese Datenschutzrichtlinie enth\u00e4lt die Arten von Informationen, die von Swisstream gesammelt und gespeichert werden, und wie wir sie verwenden. Wenn Sie weitere Fragen haben oder weitere Informationen zu unserer Datenschutzrichtlinie ben\u00f6tigen, z\u00f6gern Sie bitte nicht, uns zu kontaktieren. Diese Datenschutzrichtlinie gilt nur f\u00fcr unsere Online-Aktivit\u00e4ten und ist f\u00fcr die Besucher unserer Website in Bezug auf die von ihnen geteilten und\/oder gesammelten Informationen g\u00fcltig. Diese Richtlinie gilt nicht f\u00fcr Informationen, die offline oder \u00fcber andere Kan\u00e4le als diese Website gesammelt werden. Zustimmung<\/p>\n\n<p><strong>Einwilligung<\/strong><\/p>\n\n<p>En utilisant notre site Web, vous consentez par la pr\u00e9sente \u00e0 notre Politique de Confidentialit\u00e9 et acceptez ses termes.<\/p>\n\n<p><strong><br \/>Informationen, die wir sammeln<\/strong><\/p>\n\n<p>Die pers\u00f6nlichen Informationen, die von Ihnen angefordert werden, sowie die Gr\u00fcnde f\u00fcr diese Anfrage, werden Ihnen zum Zeitpunkt der Anforderung Ihrer pers\u00f6nlichen Informationen klar mitgeteilt. Wenn Sie uns direkt kontaktieren, k\u00f6nnen wir zus\u00e4tzliche Informationen \u00fcber Sie erhalten, wie Ihren Namen, Ihre E-Mail-Adresse, Ihre Telefonnummer, den Inhalt der Nachricht und\/oder Anh\u00e4nge, die Sie uns m\u00f6glicherweise senden, sowie alle anderen Informationen, die Sie w\u00e4hlen bereitzustellen. Wenn Sie sich f\u00fcr ein Konto registrieren, k\u00f6nnen wir um Ihre Kontaktdaten bitten, einschlie\u00dflich Informationen wie Ihren Namen, den Namen Ihres Unternehmens, Ihre Adresse, Ihre E-Mail-Adresse und Ihre Telefonnummer.<\/p>\n\n<p><strong>Wie wir Ihre Informationen verwenden<\/strong><\/p>\n\n<p>Wir verwenden die von uns gesammelten Informationen auf verschiedene Arten, unter anderem um:<\/p>\n\n<ul class=\"wp-block-list\">\n<li>Bereitstellung, Betrieb und Wartung unserer Website<\/li>\n\n<li>Verbesserung, Anpassung und Erweiterung unserer Website<\/li>\n\n<li>Verstehen und analysieren, wie Sie unsere Website nutzen<\/li>\n\n<li>Entwickeln neuer Produkte, Dienstleistungen, Funktionen und Features<\/li>\n\n<li>Mit Ihnen kommunizieren, entweder direkt oder \u00fcber einen unserer Partner, einschlie\u00dflich Kundenservice, Bereitstellung von Updates und anderen Informationen \u00fcber die Website sowie f\u00fcr Marketing- und Werbezwecke.<\/li>\n\n<li>Ihnen E-Mails zusenden.<\/li>\n\n<li>Betrug aufzudecken und zu verhindern.<\/li>\n<\/ul>\n\n<p><strong>Log-Dateien<\/strong><\/p>\n\n<p>Swisstream verwendet eine Standardmethode zur Nutzung von Logdateien. Diese Dateien zeichnen die Besucher auf, wenn sie Websites besuchen. Alle Hosting-Unternehmen tun dies, und es ist ein Teil der Analysen der Hosting-Dienste. Die von den Logdateien gesammelten Informationen umfassen IP-Adressen, Browsertypen, Internetdienstanbieter (ISP), Zeitstempel, Verweis- und Ausstiegsseiten sowie gegebenenfalls die Anzahl der Klicks. Diese Informationen werden nicht mit personenbezogenen Daten in Verbindung gebracht. Der Zweck dieser Informationen besteht darin, Trends zu analysieren, die Website zu verwalten, die Bewegungen der Benutzer auf der Website zu verfolgen und demografische Informationen zu sammeln.<\/p>\n\n<p><strong>Cookies und Web Beacons<\/strong><\/p>\n\n<p>Wie jede andere Website verwendet Swisstream \"Cookies\". Diese Cookies werden verwendet, um Informationen zu speichern, einschlie\u00dflich der Vorlieben der Besucher und der Seiten der Website, die der Besucher angesehen oder besucht hat. Die Informationen werden verwendet, um das Benutzererlebnis zu optimieren, indem der Inhalt unserer Webseite basierend auf dem Browsertyp der Besucher und\/oder anderen Informationen angepasst wird.<\/p>\n\n<p><strong>Datenschutzrichtlinien der Werbepartner<\/strong><\/p>\n\n<p>Sie k\u00f6nnen diese Liste einsehen, um die Datenschutzrichtlinie jedes Werbepartners von Swisstream zu finden. Drittanbieter-Werbserver oder Werbenetzwerke verwenden Technologien wie Cookies, JavaScript oder Web Beacons, die in ihren jeweiligen Anzeigen und Links auf Swisstream verwendet werden und direkt an den Browser der Benutzer gesendet werden. Dabei wird automatisch Ihre IP-Adresse \u00fcbertragen. Diese Technologien werden verwendet, um die Effektivit\u00e4t ihrer Werbekampagnen zu messen und\/oder den Werbeinhalt zu personalisieren, den Sie auf den Websites sehen, die Sie besuchen. Beachten Sie, dass Swisstream keinen Zugriff auf diese von Drittanbietern verwendeten Cookies hat und keine Kontrolle dar\u00fcber hat.<\/p>\n\n<p><strong>Die Datenschutzrichtlinien von Drittanbietern<\/strong><\/p>\n\n<p>Die Datenschutzrichtlinie von Swisstream gilt nicht f\u00fcr andere Werbetreibende oder Websites. Wir empfehlen Ihnen daher, die jeweiligen Datenschutzrichtlinien dieser Drittanbieter-Werbeserver f\u00fcr weitere Informationen zu konsultieren. Dies kann deren Praktiken und Anweisungen zur Deaktivierung bestimmter Optionen umfassen. Sie k\u00f6nnen w\u00e4hlen, Cookies \u00fcber die Einstellungen Ihres individuellen Browsers zu deaktivieren. Weitere Informationen zur Verwaltung von Cookies in spezifischen Webbrowsern finden Sie auf den jeweiligen Websites der Browser.<\/p>\n\n<p><strong>Rechte auf Privatsph\u00e4re CCPA (Verkaufen Sie meine pers\u00f6nlichen Informationen nicht)<\/strong><\/p>\n\n<p>Unter dem CCPA haben kalifornische Verbraucher unter anderem das Recht auf:<\/p>\n\n<ul class=\"wp-block-list\">\n<li>Fordern Sie ein Unternehmen, das personenbezogene Daten eines Verbrauchers sammelt, auf, die Kategorien und spezifischen Teile personenbezogener Daten offenzulegen, die das Unternehmen \u00fcber die Verbraucher gesammelt hat.<\/li>\n\n<li>Fordern Sie ein Unternehmen auf, alle personenbezogenen Daten zu l\u00f6schen, die es \u00fcber den Verbraucher gesammelt hat.<\/li>\n\n<li>Fordern Sie ein Unternehmen, das die pers\u00f6nlichen Daten eines Verbrauchers verkauft, auf, diese pers\u00f6nlichen Daten des Verbrauchers nicht zu verkaufen.<\/li>\n<\/ul>\n\n<p>Wenn Sie eine Anfrage stellen, haben wir einen Monat Zeit, um Ihnen zu antworten. Wenn Sie eines dieser Rechte aus\u00fcben m\u00f6chten, kontaktieren Sie uns bitte.<\/p>\n\n<p><strong>Rechte gem\u00e4\u00df der Datenschutz-Grundverordnung (GDPR)<\/strong><\/p>\n\n<p>Wir m\u00f6chten sicherstellen, dass Sie sich vollst\u00e4ndig \u00fcber Ihre Datenschutzrechte im Klaren sind. Jeder Benutzer hat Anspruch auf folgende Punkte:<\/p>\n\n<ul class=\"wp-block-list\">\n<li>Das Recht auf Zugang - Sie haben das Recht, Kopien Ihrer pers\u00f6nlichen Daten anzufordern. Wir k\u00f6nnen Ihnen eine geringe Geb\u00fchr f\u00fcr diesen Service berechnen.<\/li>\n\n<li>Das Recht auf Berichtigung - Sie haben das Recht, die Berichtigung aller Daten zu verlangen, die Sie f\u00fcr ungenau halten. Sie haben auch das Recht, zu verlangen, dass wir die Informationen erg\u00e4nzen, die Sie f\u00fcr unvollst\u00e4ndig halten.<\/li>\n\n<li>Das Recht auf L\u00f6schung - Sie haben unter bestimmten Bedingungen das Recht, die L\u00f6schung Ihrer personenbezogenen Daten zu verlangen.<\/li>\n\n<li>Das Recht auf Einschr\u00e4nkung der Verarbeitung - Sie haben unter bestimmten Bedingungen das Recht, die Einschr\u00e4nkung der Verarbeitung Ihrer personenbezogenen Daten zu verlangen.<\/li>\n\n<li>Das Recht auf Widerspruch gegen die Verarbeitung - Sie haben unter bestimmten Bedingungen das Recht, der Verarbeitung Ihrer personenbezogenen Daten zu widersprechen.<\/li>\n\n<li>Das Recht auf Daten\u00fcbertragbarkeit - Sie haben unter bestimmten Bedingungen das Recht, die \u00dcbertragung der von uns gesammelten Daten an eine andere Organisation oder direkt an Sie zu beantragen.<\/li>\n<\/ul>\n\n<p>Wenn Sie eine Anfrage stellen, haben wir einen Monat Zeit, um Ihnen zu antworten. Wenn Sie eines dieser Rechte aus\u00fcben m\u00f6chten, kontaktieren Sie uns bitte.<\/p>\n\n<p><strong>Informationen \u00fcber Kinder<\/strong><\/p>\n\n<p>Ein weiterer Teil unserer Priorit\u00e4t ist der Schutz von Kindern bei der Nutzung des Internets. Wir ermutigen Eltern und Erziehungsberechtigte dazu, die Online-Aktivit\u00e4ten ihrer Kinder zu beobachten, daran teilzunehmen und\/oder zu \u00fcberwachen und zu lenken. Swisstream sammelt wissentlich keine personenbezogenen Daten von Kindern unter 13 Jahren. Wenn Sie glauben, dass Ihr Kind solche Informationen auf unserer Website bereitgestellt hat, bitten wir Sie dringend, uns umgehend zu kontaktieren, und wir werden unser Bestes tun, um diese Informationen schnellstm\u00f6glich aus unseren Aufzeichnungen zu entfernen.<\/p>\n\t\t\t\t\t\t\t\t<\/div>\n\t\t\t\t<\/div>\n\t\t\t\t\t<\/div>\n\t\t\t\t<\/div>\n\t\t\t\t<\/div>","protected":false},"excerpt":{"rendered":"<p>Politique de Confidentialit\u00e9 Swisstream &#8211; Politique de Confidentialit\u00e9 Chez Swisstream, la confidentialit\u00e9 de nos visiteurs est l&rsquo;une de nos principales priorit\u00e9s. Ce document de politique de confidentialit\u00e9 contient les types d&rsquo;informations collect\u00e9es et enregistr\u00e9es par Swisstream et comment nous les utilisons. Si vous avez des questions suppl\u00e9mentaires ou si vous avez besoin de plus d&rsquo;informations [&hellip;]<\/p>\n","protected":false},"author":1,"featured_media":0,"parent":0,"menu_order":0,"comment_status":"closed","ping_status":"closed","template":"","meta":{"_monsterinsights_skip_tracking":false,"_monsterinsights_sitenote_active":false,"_monsterinsights_sitenote_note":"","_monsterinsights_sitenote_category":0,"footnotes":""},"class_list":["post-266","page","type-page","status-publish","hentry"],"yoast_head":"<!-- This site is optimized with the Yoast SEO plugin v27.4 - https:\/\/yoast.com\/product\/yoast-seo-wordpress\/ -->\n<title>Politique de Confidentialit\u00e9 - Abonnement IPTV Suisse<\/title>\n<meta name=\"robots\" content=\"index, follow, max-snippet:-1, max-image-preview:large, max-video-preview:-1\" \/>\n<link rel=\"canonical\" href=\"https:\/\/swisstream.net\/de\/datenschutzbestimmungen\/\" \/>\n<meta property=\"og:locale\" content=\"de_DE\" \/>\n<meta property=\"og:type\" content=\"article\" \/>\n<meta property=\"og:title\" content=\"Politique de Confidentialit\u00e9 - Abonnement IPTV Suisse\" \/>\n<meta property=\"og:description\" content=\"Politique de Confidentialit\u00e9 Swisstream &#8211; Politique de Confidentialit\u00e9 Chez Swisstream, la confidentialit\u00e9 de nos visiteurs est l&rsquo;une de nos principales priorit\u00e9s. Ce document de politique de confidentialit\u00e9 contient les types d&rsquo;informations collect\u00e9es et enregistr\u00e9es par Swisstream et comment nous les utilisons. Si vous avez des questions suppl\u00e9mentaires ou si vous avez besoin de plus d&rsquo;informations [&hellip;]\" \/>\n<meta property=\"og:url\" content=\"https:\/\/swisstream.net\/de\/datenschutzbestimmungen\/\" \/>\n<meta property=\"og:site_name\" content=\"Abonnement IPTV Suisse\" \/>\n<meta property=\"article:modified_time\" content=\"2023-12-24T15:15:49+00:00\" \/>\n<meta property=\"og:image\" content=\"https:\/\/swisstream.net\/wp-content\/uploads\/2024\/04\/suisse-iptv-1.webp\" \/>\n\t<meta property=\"og:image:width\" content=\"1200\" \/>\n\t<meta property=\"og:image:height\" content=\"675\" \/>\n\t<meta property=\"og:image:type\" content=\"image\/webp\" \/>\n<meta name=\"twitter:card\" content=\"summary_large_image\" \/>\n<meta name=\"twitter:label1\" content=\"Gesch\u00e4tzte Lesezeit\" \/>\n\t<meta name=\"twitter:data1\" content=\"6\u00a0Minuten\" \/>\n<script type=\"application\/ld+json\" class=\"yoast-schema-graph\">{\"@context\":\"https:\\\/\\\/schema.org\",\"@graph\":[{\"@type\":\"WebPage\",\"@id\":\"https:\\\/\\\/swisstream.net\\\/politique-de-confidentialite\\\/\",\"url\":\"https:\\\/\\\/swisstream.net\\\/politique-de-confidentialite\\\/\",\"name\":\"Politique de Confidentialit\u00e9 - Abonnement IPTV Suisse\",\"isPartOf\":{\"@id\":\"https:\\\/\\\/swisstream.net\\\/#website\"},\"datePublished\":\"2023-12-23T21:21:32+00:00\",\"dateModified\":\"2023-12-24T15:15:49+00:00\",\"breadcrumb\":{\"@id\":\"https:\\\/\\\/swisstream.net\\\/politique-de-confidentialite\\\/#breadcrumb\"},\"inLanguage\":\"de-CH\",\"potentialAction\":[{\"@type\":\"ReadAction\",\"target\":[\"https:\\\/\\\/swisstream.net\\\/politique-de-confidentialite\\\/\"]}]},{\"@type\":\"BreadcrumbList\",\"@id\":\"https:\\\/\\\/swisstream.net\\\/politique-de-confidentialite\\\/#breadcrumb\",\"itemListElement\":[{\"@type\":\"ListItem\",\"position\":1,\"name\":\"Home\",\"item\":\"https:\\\/\\\/swisstream.net\\\/\"},{\"@type\":\"ListItem\",\"position\":2,\"name\":\"Politique de Confidentialit\u00e9\"}]},{\"@type\":\"WebSite\",\"@id\":\"https:\\\/\\\/swisstream.net\\\/#website\",\"url\":\"https:\\\/\\\/swisstream.net\\\/\",\"name\":\"Swisstream\",\"description\":\"Abonnement IPTV Suisse \u2013 Test Gratuit Disponible\",\"publisher\":{\"@id\":\"https:\\\/\\\/swisstream.net\\\/#organization\"},\"alternateName\":\"swisstream iptv\",\"potentialAction\":[{\"@type\":\"SearchAction\",\"target\":{\"@type\":\"EntryPoint\",\"urlTemplate\":\"https:\\\/\\\/swisstream.net\\\/?s={search_term_string}\"},\"query-input\":{\"@type\":\"PropertyValueSpecification\",\"valueRequired\":true,\"valueName\":\"search_term_string\"}}],\"inLanguage\":\"de-CH\"},{\"@type\":\"Organization\",\"@id\":\"https:\\\/\\\/swisstream.net\\\/#organization\",\"name\":\"Swisstream\",\"alternateName\":\"swisstream iptv\",\"url\":\"https:\\\/\\\/swisstream.net\\\/\",\"logo\":{\"@type\":\"ImageObject\",\"inLanguage\":\"de-CH\",\"@id\":\"https:\\\/\\\/swisstream.net\\\/#\\\/schema\\\/logo\\\/image\\\/\",\"url\":\"https:\\\/\\\/swisstream.net\\\/wp-content\\\/uploads\\\/2024\\\/04\\\/WhatsApp-Image-2024-03-17-at-16.52.38_44da6d17.webp\",\"contentUrl\":\"https:\\\/\\\/swisstream.net\\\/wp-content\\\/uploads\\\/2024\\\/04\\\/WhatsApp-Image-2024-03-17-at-16.52.38_44da6d17.webp\",\"width\":1200,\"height\":1200,\"caption\":\"Swisstream\"},\"image\":{\"@id\":\"https:\\\/\\\/swisstream.net\\\/#\\\/schema\\\/logo\\\/image\\\/\"}}]}<\/script>\n<!-- \/ Yoast SEO plugin. -->","yoast_head_json":{"title":"Politique de Confidentialit\u00e9 - Abonnement IPTV Suisse","robots":{"index":"index","follow":"follow","max-snippet":"max-snippet:-1","max-image-preview":"max-image-preview:large","max-video-preview":"max-video-preview:-1"},"canonical":"https:\/\/swisstream.net\/de\/datenschutzbestimmungen\/","og_locale":"de_DE","og_type":"article","og_title":"Politique de Confidentialit\u00e9 - Abonnement IPTV Suisse","og_description":"Politique de Confidentialit\u00e9 Swisstream &#8211; Politique de Confidentialit\u00e9 Chez Swisstream, la confidentialit\u00e9 de nos visiteurs est l&rsquo;une de nos principales priorit\u00e9s. Ce document de politique de confidentialit\u00e9 contient les types d&rsquo;informations collect\u00e9es et enregistr\u00e9es par Swisstream et comment nous les utilisons. Si vous avez des questions suppl\u00e9mentaires ou si vous avez besoin de plus d&rsquo;informations [&hellip;]","og_url":"https:\/\/swisstream.net\/de\/datenschutzbestimmungen\/","og_site_name":"Abonnement IPTV Suisse","article_modified_time":"2023-12-24T15:15:49+00:00","og_image":[{"width":1200,"height":675,"url":"https:\/\/swisstream.net\/wp-content\/uploads\/2024\/04\/suisse-iptv-1.webp","type":"image\/webp"}],"twitter_card":"summary_large_image","twitter_misc":{"Gesch\u00e4tzte Lesezeit":"6\u00a0Minuten"},"schema":{"@context":"https:\/\/schema.org","@graph":[{"@type":"WebPage","@id":"https:\/\/swisstream.net\/politique-de-confidentialite\/","url":"https:\/\/swisstream.net\/politique-de-confidentialite\/","name":"Politique de Confidentialit\u00e9 - Abonnement IPTV Suisse","isPartOf":{"@id":"https:\/\/swisstream.net\/#website"},"datePublished":"2023-12-23T21:21:32+00:00","dateModified":"2023-12-24T15:15:49+00:00","breadcrumb":{"@id":"https:\/\/swisstream.net\/politique-de-confidentialite\/#breadcrumb"},"inLanguage":"de-CH","potentialAction":[{"@type":"ReadAction","target":["https:\/\/swisstream.net\/politique-de-confidentialite\/"]}]},{"@type":"BreadcrumbList","@id":"https:\/\/swisstream.net\/politique-de-confidentialite\/#breadcrumb","itemListElement":[{"@type":"ListItem","position":1,"name":"Home","item":"https:\/\/swisstream.net\/"},{"@type":"ListItem","position":2,"name":"Politique de Confidentialit\u00e9"}]},{"@type":"WebSite","@id":"https:\/\/swisstream.net\/#website","url":"https:\/\/swisstream.net\/","name":"Swisstream sind","description":"IPTV Schweiz Abo \u2013 Kostenloser Test Verf\u00fcgbar","publisher":{"@id":"https:\/\/swisstream.net\/#organization"},"alternateName":"swisstream iptv","potentialAction":[{"@type":"SearchAction","target":{"@type":"EntryPoint","urlTemplate":"https:\/\/swisstream.net\/?s={search_term_string}"},"query-input":{"@type":"PropertyValueSpecification","valueRequired":true,"valueName":"search_term_string"}}],"inLanguage":"de-CH"},{"@type":"Organization","@id":"https:\/\/swisstream.net\/#organization","name":"Swisstream sind","alternateName":"swisstream iptv","url":"https:\/\/swisstream.net\/","logo":{"@type":"ImageObject","inLanguage":"de-CH","@id":"https:\/\/swisstream.net\/#\/schema\/logo\/image\/","url":"https:\/\/swisstream.net\/wp-content\/uploads\/2024\/04\/WhatsApp-Image-2024-03-17-at-16.52.38_44da6d17.webp","contentUrl":"https:\/\/swisstream.net\/wp-content\/uploads\/2024\/04\/WhatsApp-Image-2024-03-17-at-16.52.38_44da6d17.webp","width":1200,"height":1200,"caption":"Swisstream"},"image":{"@id":"https:\/\/swisstream.net\/#\/schema\/logo\/image\/"}}]}},"_links":{"self":[{"href":"https:\/\/swisstream.net\/de\/wp-json\/wp\/v2\/pages\/266","targetHints":{"allow":["GET"]}}],"collection":[{"href":"https:\/\/swisstream.net\/de\/wp-json\/wp\/v2\/pages"}],"about":[{"href":"https:\/\/swisstream.net\/de\/wp-json\/wp\/v2\/types\/page"}],"author":[{"embeddable":true,"href":"https:\/\/swisstream.net\/de\/wp-json\/wp\/v2\/users\/1"}],"replies":[{"embeddable":true,"href":"https:\/\/swisstream.net\/de\/wp-json\/wp\/v2\/comments?post=266"}],"version-history":[{"count":0,"href":"https:\/\/swisstream.net\/de\/wp-json\/wp\/v2\/pages\/266\/revisions"}],"wp:attachment":[{"href":"https:\/\/swisstream.net\/de\/wp-json\/wp\/v2\/media?parent=266"}],"curies":[{"name":"wp","href":"https:\/\/api.w.org\/{rel}","templated":true}]}}