{"id":235,"date":"2023-12-22T18:38:23","date_gmt":"2023-12-22T17:38:23","guid":{"rendered":"https:\/\/swisstream.net\/?page_id=235"},"modified":"2024-07-27T21:59:50","modified_gmt":"2024-07-27T20:59:50","slug":"ruckerstattungsrichtlinie","status":"publish","type":"page","link":"https:\/\/swisstream.net\/de\/ruckerstattungsrichtlinie\/","title":{"rendered":"R\u00fcckerstattungsrichtlinie"},"content":{"rendered":"<div data-elementor-type=\"wp-page\" data-elementor-id=\"235\" class=\"elementor elementor-235\" data-elementor-post-type=\"page\">\n\t\t\t\t<div class=\"has_eae_slider elementor-element elementor-element-150c0ee3 e-flex e-con-boxed e-con e-parent\" data-eae-slider=\"22931\" data-particle_enable=\"false\" data-particle-mobile-disabled=\"false\" data-id=\"150c0ee3\" data-element_type=\"container\" data-e-type=\"container\">\n\t\t\t\t\t<div class=\"e-con-inner\">\n\t\t\t\t<div class=\"elementor-element elementor-element-90e0ee1 elementor-widget elementor-widget-heading\" data-id=\"90e0ee1\" data-element_type=\"widget\" data-e-type=\"widget\" data-widget_type=\"heading.default\">\n\t\t\t\t<div class=\"elementor-widget-container\">\n\t\t\t\t\t<h2 class=\"elementor-heading-title elementor-size-default\">R\u00fcckerstattungsrichtlinie<\/h2>\t\t\t\t<\/div>\n\t\t\t\t<\/div>\n\t\t\t\t<div class=\"elementor-element elementor-element-7320c723 elementor-widget-mobile__width-inherit elementor-widget elementor-widget-text-editor\" data-id=\"7320c723\" data-element_type=\"widget\" data-e-type=\"widget\" data-widget_type=\"text-editor.default\">\n\t\t\t\t<div class=\"elementor-widget-container\">\n\t\t\t\t\t\t\t\t\t<p>Bei <strong>Swisstream sind<\/strong>, Wir m\u00f6chten sicherstellen, dass Sie mit Ihrem Kauf bei Swisstream vollst\u00e4ndig zufrieden sind. Wenn Sie technische oder Verkaufsprobleme haben, z\u00f6gern Sie nicht, uns unter der folgenden Adresse zu kontaktieren: <strong><span style=\"text-decoration: underline;\"><a target=\"_new\">support@swisstream.ch<\/a><\/span><\/strong><\/p><p>Falls unser technischer Support Ihr Problem nicht innerhalb von 10 Arbeitstagen l\u00f6st, haben Sie die M\u00f6glichkeit, eine vollst\u00e4ndige R\u00fcckerstattung zu erhalten.\u00a0<\/p><p>Wir m\u00f6chten die Dinge richtigstellen und sicherstellen, dass unsere Dienstleistungen in den meisten F\u00e4llen sehr stabil sind und Sie keine Probleme haben werden, die wir nicht l\u00f6sen k\u00f6nnen. Die R\u00fcckerstattung deckt Sie in allen F\u00e4llen von Problemen ab, die von unserer technischen Seite herr\u00fchren.<\/p><p>Wir m\u00f6chten gerne von Ihnen h\u00f6ren, um uns die M\u00f6glichkeit zu geben, uns zu verbessern und jedes Problem zu l\u00f6sen. Wenn n\u00f6tig, verpflichten wir uns, Ihnen innerhalb von 7 Tagen eine R\u00fcckerstattung anzubieten, wenn Sie mit unseren Dienstleistungen nicht zufrieden sind. Befolgen Sie die Anweisungen unten, um innerhalb von 7 Tagen nach Ihrem Kauf eine vollst\u00e4ndige R\u00fcckerstattung zu erhalten.\u00a0<\/p><p>Bitte beachten Sie, dass wir unser Bestes tun, um unsere Richtlinie einzuhalten und Ihnen so schnell wie m\u00f6glich eine R\u00fcckerstattung anzubieten. Aufgrund unvorhergesehener Umst\u00e4nde wie Zahlungsprozessoren, Banken und Finanzinstitute kann die R\u00fcckerstattung jedoch bis zu 15 Tage dauern, bis sie auf Ihrem Bankkonto erscheint. Sobald ein Abonnement abgeschlossen und erstattet wurde, k\u00f6nnen Sie unsere Dienste nicht mehr abonnieren. <strong>Swisstream sind<\/strong> \u00e0 l&rsquo;avenir.<\/p><p><strong>Wie beantrage ich eine R\u00fcckerstattung?<\/strong><\/p><p>\u00a0Bitte befolgen Sie die untenstehenden Anweisungen, damit wir Ihre R\u00fcckerstattung bearbeiten k\u00f6nnen.<\/p><ol><li>F\u00fcllen Sie das Kontaktformular aus, um eine R\u00fcckerstattung zu beantragen.<\/li><li>Die E-Mail-Adresse darf nicht von der abweichen, die Sie bei Ihrem Abonnement und dem Kauf unseres Dienstes verwendet haben.<\/li><\/ol><div>\u00a0<\/div><p>Ihre Zufriedenheit ist unsere oberste Priorit\u00e4t, und wir sind Ihnen zutiefst dankbar f\u00fcr Ihre kontinuierliche Unterst\u00fctzung. Wenn Sie weitere Fragen haben, lassen Sie es uns bitte wissen.<\/p><p>Vielen Dank, dass Sie ein Teil von <strong>Swisstream sind<\/strong>Wir sch\u00e4tzen Ihr Verst\u00e4ndnis und Ihre Zusammenarbeit.<\/p>\t\t\t\t\t\t\t\t<\/div>\n\t\t\t\t<\/div>\n\t\t\t\t\t<\/div>\n\t\t\t\t<\/div>\n\t\t\t\t<\/div>","protected":false},"excerpt":{"rendered":"<p>Politique de Remboursement Chez Swisstream, nous tenons \u00e0 nous assurer que vous \u00eates pleinement satisfait de votre achat. Si vous rencontrez des probl\u00e8mes techniques ou de vente, n&rsquo;h\u00e9sitez pas \u00e0 nous contacter \u00e0 l&rsquo;adresse suivante : support@swisstream.ch En cas o\u00f9 notre support technique ne r\u00e9sout pas votre probl\u00e8me dans les 10 jours ouvrables, vous avez [&hellip;]<\/p>\n","protected":false},"author":1,"featured_media":0,"parent":0,"menu_order":0,"comment_status":"closed","ping_status":"closed","template":"","meta":{"_monsterinsights_skip_tracking":false,"_monsterinsights_sitenote_active":false,"_monsterinsights_sitenote_note":"","_monsterinsights_sitenote_category":0,"footnotes":""},"class_list":["post-235","page","type-page","status-publish","hentry"],"yoast_head":"<!-- This site is optimized with the Yoast SEO plugin v27.4 - https:\/\/yoast.com\/product\/yoast-seo-wordpress\/ -->\n<title>Politique de Remboursement - Abonnement IPTV Suisse<\/title>\n<meta name=\"robots\" content=\"index, follow, max-snippet:-1, max-image-preview:large, max-video-preview:-1\" \/>\n<link rel=\"canonical\" href=\"https:\/\/swisstream.net\/de\/ruckerstattungsrichtlinie\/\" \/>\n<meta property=\"og:locale\" content=\"de_DE\" \/>\n<meta property=\"og:type\" content=\"article\" \/>\n<meta property=\"og:title\" content=\"Politique de Remboursement - Abonnement IPTV Suisse\" \/>\n<meta property=\"og:description\" content=\"Politique de Remboursement Chez Swisstream, nous tenons \u00e0 nous assurer que vous \u00eates pleinement satisfait de votre achat. Si vous rencontrez des probl\u00e8mes techniques ou de vente, n&rsquo;h\u00e9sitez pas \u00e0 nous contacter \u00e0 l&rsquo;adresse suivante : support@swisstream.ch En cas o\u00f9 notre support technique ne r\u00e9sout pas votre probl\u00e8me dans les 10 jours ouvrables, vous avez [&hellip;]\" \/>\n<meta property=\"og:url\" content=\"https:\/\/swisstream.net\/de\/ruckerstattungsrichtlinie\/\" \/>\n<meta property=\"og:site_name\" content=\"Abonnement IPTV Suisse\" \/>\n<meta property=\"article:modified_time\" content=\"2024-07-27T20:59:50+00:00\" \/>\n<meta property=\"og:image\" content=\"https:\/\/swisstream.net\/wp-content\/uploads\/2024\/04\/suisse-iptv-1.webp\" \/>\n\t<meta property=\"og:image:width\" content=\"1200\" \/>\n\t<meta property=\"og:image:height\" content=\"675\" \/>\n\t<meta property=\"og:image:type\" content=\"image\/webp\" \/>\n<meta name=\"twitter:card\" content=\"summary_large_image\" \/>\n<meta name=\"twitter:label1\" content=\"Gesch\u00e4tzte Lesezeit\" \/>\n\t<meta name=\"twitter:data1\" content=\"2\u00a0Minuten\" \/>\n<script type=\"application\/ld+json\" class=\"yoast-schema-graph\">{\"@context\":\"https:\\\/\\\/schema.org\",\"@graph\":[{\"@type\":\"WebPage\",\"@id\":\"https:\\\/\\\/swisstream.net\\\/politique-de-remboursement\\\/\",\"url\":\"https:\\\/\\\/swisstream.net\\\/politique-de-remboursement\\\/\",\"name\":\"Politique de Remboursement - Abonnement IPTV Suisse\",\"isPartOf\":{\"@id\":\"https:\\\/\\\/swisstream.net\\\/#website\"},\"datePublished\":\"2023-12-22T17:38:23+00:00\",\"dateModified\":\"2024-07-27T20:59:50+00:00\",\"breadcrumb\":{\"@id\":\"https:\\\/\\\/swisstream.net\\\/politique-de-remboursement\\\/#breadcrumb\"},\"inLanguage\":\"de-CH\",\"potentialAction\":[{\"@type\":\"ReadAction\",\"target\":[\"https:\\\/\\\/swisstream.net\\\/politique-de-remboursement\\\/\"]}]},{\"@type\":\"BreadcrumbList\",\"@id\":\"https:\\\/\\\/swisstream.net\\\/politique-de-remboursement\\\/#breadcrumb\",\"itemListElement\":[{\"@type\":\"ListItem\",\"position\":1,\"name\":\"Home\",\"item\":\"https:\\\/\\\/swisstream.net\\\/\"},{\"@type\":\"ListItem\",\"position\":2,\"name\":\"Politique de Remboursement\"}]},{\"@type\":\"WebSite\",\"@id\":\"https:\\\/\\\/swisstream.net\\\/#website\",\"url\":\"https:\\\/\\\/swisstream.net\\\/\",\"name\":\"Swisstream\",\"description\":\"Abonnement IPTV Suisse \u2013 Test Gratuit Disponible\",\"publisher\":{\"@id\":\"https:\\\/\\\/swisstream.net\\\/#organization\"},\"alternateName\":\"swisstream iptv\",\"potentialAction\":[{\"@type\":\"SearchAction\",\"target\":{\"@type\":\"EntryPoint\",\"urlTemplate\":\"https:\\\/\\\/swisstream.net\\\/?s={search_term_string}\"},\"query-input\":{\"@type\":\"PropertyValueSpecification\",\"valueRequired\":true,\"valueName\":\"search_term_string\"}}],\"inLanguage\":\"de-CH\"},{\"@type\":\"Organization\",\"@id\":\"https:\\\/\\\/swisstream.net\\\/#organization\",\"name\":\"Swisstream\",\"alternateName\":\"swisstream iptv\",\"url\":\"https:\\\/\\\/swisstream.net\\\/\",\"logo\":{\"@type\":\"ImageObject\",\"inLanguage\":\"de-CH\",\"@id\":\"https:\\\/\\\/swisstream.net\\\/#\\\/schema\\\/logo\\\/image\\\/\",\"url\":\"https:\\\/\\\/swisstream.net\\\/wp-content\\\/uploads\\\/2024\\\/04\\\/WhatsApp-Image-2024-03-17-at-16.52.38_44da6d17.webp\",\"contentUrl\":\"https:\\\/\\\/swisstream.net\\\/wp-content\\\/uploads\\\/2024\\\/04\\\/WhatsApp-Image-2024-03-17-at-16.52.38_44da6d17.webp\",\"width\":1200,\"height\":1200,\"caption\":\"Swisstream\"},\"image\":{\"@id\":\"https:\\\/\\\/swisstream.net\\\/#\\\/schema\\\/logo\\\/image\\\/\"}}]}<\/script>\n<!-- \/ Yoast SEO plugin. -->","yoast_head_json":{"title":"Politique de Remboursement - Abonnement IPTV Suisse","robots":{"index":"index","follow":"follow","max-snippet":"max-snippet:-1","max-image-preview":"max-image-preview:large","max-video-preview":"max-video-preview:-1"},"canonical":"https:\/\/swisstream.net\/de\/ruckerstattungsrichtlinie\/","og_locale":"de_DE","og_type":"article","og_title":"Politique de Remboursement - Abonnement IPTV Suisse","og_description":"Politique de Remboursement Chez Swisstream, nous tenons \u00e0 nous assurer que vous \u00eates pleinement satisfait de votre achat. Si vous rencontrez des probl\u00e8mes techniques ou de vente, n&rsquo;h\u00e9sitez pas \u00e0 nous contacter \u00e0 l&rsquo;adresse suivante : support@swisstream.ch En cas o\u00f9 notre support technique ne r\u00e9sout pas votre probl\u00e8me dans les 10 jours ouvrables, vous avez [&hellip;]","og_url":"https:\/\/swisstream.net\/de\/ruckerstattungsrichtlinie\/","og_site_name":"Abonnement IPTV Suisse","article_modified_time":"2024-07-27T20:59:50+00:00","og_image":[{"width":1200,"height":675,"url":"https:\/\/swisstream.net\/wp-content\/uploads\/2024\/04\/suisse-iptv-1.webp","type":"image\/webp"}],"twitter_card":"summary_large_image","twitter_misc":{"Gesch\u00e4tzte Lesezeit":"2\u00a0Minuten"},"schema":{"@context":"https:\/\/schema.org","@graph":[{"@type":"WebPage","@id":"https:\/\/swisstream.net\/politique-de-remboursement\/","url":"https:\/\/swisstream.net\/politique-de-remboursement\/","name":"Politique de Remboursement - Abonnement IPTV Suisse","isPartOf":{"@id":"https:\/\/swisstream.net\/#website"},"datePublished":"2023-12-22T17:38:23+00:00","dateModified":"2024-07-27T20:59:50+00:00","breadcrumb":{"@id":"https:\/\/swisstream.net\/politique-de-remboursement\/#breadcrumb"},"inLanguage":"de-CH","potentialAction":[{"@type":"ReadAction","target":["https:\/\/swisstream.net\/politique-de-remboursement\/"]}]},{"@type":"BreadcrumbList","@id":"https:\/\/swisstream.net\/politique-de-remboursement\/#breadcrumb","itemListElement":[{"@type":"ListItem","position":1,"name":"Home","item":"https:\/\/swisstream.net\/"},{"@type":"ListItem","position":2,"name":"Politique de Remboursement"}]},{"@type":"WebSite","@id":"https:\/\/swisstream.net\/#website","url":"https:\/\/swisstream.net\/","name":"Swisstream sind","description":"IPTV Schweiz Abo \u2013 Kostenloser Test Verf\u00fcgbar","publisher":{"@id":"https:\/\/swisstream.net\/#organization"},"alternateName":"swisstream iptv","potentialAction":[{"@type":"SearchAction","target":{"@type":"EntryPoint","urlTemplate":"https:\/\/swisstream.net\/?s={search_term_string}"},"query-input":{"@type":"PropertyValueSpecification","valueRequired":true,"valueName":"search_term_string"}}],"inLanguage":"de-CH"},{"@type":"Organization","@id":"https:\/\/swisstream.net\/#organization","name":"Swisstream sind","alternateName":"swisstream iptv","url":"https:\/\/swisstream.net\/","logo":{"@type":"ImageObject","inLanguage":"de-CH","@id":"https:\/\/swisstream.net\/#\/schema\/logo\/image\/","url":"https:\/\/swisstream.net\/wp-content\/uploads\/2024\/04\/WhatsApp-Image-2024-03-17-at-16.52.38_44da6d17.webp","contentUrl":"https:\/\/swisstream.net\/wp-content\/uploads\/2024\/04\/WhatsApp-Image-2024-03-17-at-16.52.38_44da6d17.webp","width":1200,"height":1200,"caption":"Swisstream"},"image":{"@id":"https:\/\/swisstream.net\/#\/schema\/logo\/image\/"}}]}},"_links":{"self":[{"href":"https:\/\/swisstream.net\/de\/wp-json\/wp\/v2\/pages\/235","targetHints":{"allow":["GET"]}}],"collection":[{"href":"https:\/\/swisstream.net\/de\/wp-json\/wp\/v2\/pages"}],"about":[{"href":"https:\/\/swisstream.net\/de\/wp-json\/wp\/v2\/types\/page"}],"author":[{"embeddable":true,"href":"https:\/\/swisstream.net\/de\/wp-json\/wp\/v2\/users\/1"}],"replies":[{"embeddable":true,"href":"https:\/\/swisstream.net\/de\/wp-json\/wp\/v2\/comments?post=235"}],"version-history":[{"count":6,"href":"https:\/\/swisstream.net\/de\/wp-json\/wp\/v2\/pages\/235\/revisions"}],"predecessor-version":[{"id":1222,"href":"https:\/\/swisstream.net\/de\/wp-json\/wp\/v2\/pages\/235\/revisions\/1222"}],"wp:attachment":[{"href":"https:\/\/swisstream.net\/de\/wp-json\/wp\/v2\/media?parent=235"}],"curies":[{"name":"wp","href":"https:\/\/api.w.org\/{rel}","templated":true}]}}