{"id":215,"date":"2023-12-22T15:01:02","date_gmt":"2023-12-22T14:01:02","guid":{"rendered":"https:\/\/swisstream.net\/?page_id=215"},"modified":"2024-07-27T22:36:17","modified_gmt":"2024-07-27T21:36:17","slug":"allgemeine-geschaftsbedingungen","status":"publish","type":"page","link":"https:\/\/swisstream.net\/de\/allgemeine-geschaftsbedingungen\/","title":{"rendered":"Allgemeine Gesch\u00e4ftsbedingungen"},"content":{"rendered":"<div data-elementor-type=\"wp-page\" data-elementor-id=\"215\" class=\"elementor elementor-215\" data-elementor-post-type=\"page\">\n\t\t\t\t<div class=\"has_eae_slider elementor-element elementor-element-660d7b19 e-flex e-con-boxed e-con e-parent\" data-eae-slider=\"4765\" data-particle_enable=\"false\" data-particle-mobile-disabled=\"false\" data-id=\"660d7b19\" data-element_type=\"container\" data-e-type=\"container\">\n\t\t\t\t\t<div class=\"e-con-inner\">\n\t\t\t\t<div class=\"elementor-element elementor-element-3a98e9e elementor-widget elementor-widget-heading\" data-id=\"3a98e9e\" data-element_type=\"widget\" data-e-type=\"widget\" data-widget_type=\"heading.default\">\n\t\t\t\t<div class=\"elementor-widget-container\">\n\t\t\t\t\t<h2 class=\"elementor-heading-title elementor-size-default\">Allgemeine Gesch\u00e4ftsbedingungen<\/h2>\t\t\t\t<\/div>\n\t\t\t\t<\/div>\n\t\t\t\t<div class=\"elementor-element elementor-element-1ebf4abb elementor-widget elementor-widget-text-editor\" data-id=\"1ebf4abb\" data-element_type=\"widget\" data-e-type=\"widget\" data-widget_type=\"text-editor.default\">\n\t\t\t\t<div class=\"elementor-widget-container\">\n\t\t\t\t\t\t\t\t\t<p><\/p>\n<p><strong>Bienvenue sur Swisstream.net !<\/strong><\/p>\n<p><\/p>\n<p><\/p>\n<p>Wir sch\u00e4tzen Ihr Interesse an unseren Dienstleistungen. Bevor Sie eine Bestellung aufgeben, nehmen Sie sich bitte einen Moment Zeit, um unsere Gesch\u00e4ftsbedingungen zu lesen und zu verstehen. Ihre Zufriedenheit und eine reibungslose Erfahrung sind unsere Priorit\u00e4ten.<\/p>\n<p><\/p>\n<p><\/p>\n<p><strong>IPTV-Dienste \u00dcberblick<\/strong><\/p>\n<p><\/p>\n<p><\/p>\n<p>Swisstream.net propose des abonnements IPTV et des plans revendeurs IPTV, offrant une gamme s\u00e9duisante de cha\u00eenes de t\u00e9l\u00e9vision en direct, de vid\u00e9os \u00e0 la demande, de films et de s\u00e9ries t\u00e9l\u00e9vis\u00e9es, le tout dans le monde num\u00e9rique.<\/p>\n<p><\/p>\n<p><\/p>\n<p><strong>Anerkennung der Allgemeinen Gesch\u00e4ftsbedingungen<\/strong><\/p>\n<p><\/p>\n<p><\/p>\n<p>Indem Sie sich daf\u00fcr entscheiden, sich bei uns anzumelden oder einen Kauf zu t\u00e4tigen, erkl\u00e4ren Sie Ihr Verst\u00e4ndnis und Ihre Zustimmung zu den folgenden Gesch\u00e4ftsbedingungen:<\/p>\n<p><\/p>\n<p><\/p>\n<p><strong>Mindestalter Anforderung<\/strong><\/p>\n<p><\/p>\n<p><\/p>\n<p>Um die auf unserer Website angebotenen Dienste nutzen zu k\u00f6nnen, m\u00fcssen Sie mindestens 18 Jahre alt sein.<\/p>\n<p><\/p>\n<p><\/p>\n<p><strong>Limitationen der Verbindung<\/strong><\/p>\n<p><\/p>\n<p><\/p>\n<p>F\u00fcr jedes Abonnement ist nur eine Verbindung erlaubt. Bitte beachten Sie, dass die Verwendung mehrerer Verbindungen dazu f\u00fchren kann, dass Ihr Abonnement und Ihre IP-Adresse vom Anbieter gesperrt werden, und leider kann keine R\u00fcckerstattung erfolgen.<\/p>\n<p><\/p>\n<p><\/p>\n<p><strong>Live-TV-Sender und Video-on-Demand<\/strong><\/p>\n<p><\/p>\n<p><\/p>\n<p>La disponibilit\u00e9 des cha\u00eenes et du contenu vid\u00e9o \u00e0 la demande peut changer, \u00eatre mis \u00e0 jour ou supprim\u00e9 sans pr\u00e9avis. Des changements dans les cat\u00e9gories ou le contenu peuvent survenir \u00e0 tout moment. Nous tenons \u00e0 vous assurer que Swisstream.net n&rsquo;a aucun contr\u00f4le sur le contenu fourni, l&rsquo;EPG, ou les mises \u00e0 jour qui y sont apport\u00e9es.<\/p>\n<p><\/p>\n<p><\/p>\n<p><strong>Akzeptables Nutzungsverhalten<\/strong><\/p>\n<p><\/p>\n<p><\/p>\n<p>Um die Qualit\u00e4t und Integrit\u00e4t unseres Dienstes aufrechtzuerhalten, bitten wir Sie, sich zu enthalten von jeglichem Re-Streaming, \u00dcbertragung von Inhalten oder Verteilung der bereitgestellten Inhalte. Wir danken Ihnen f\u00fcr Ihre Mitarbeit, um eine positive Erfahrung f\u00fcr alle Benutzer zu gew\u00e4hrleisten.<\/p>\n<p><\/p>\n<p><\/p>\n<p>Wenn Sie Fragen haben oder eine Kl\u00e4rung zu einem beliebigen Aspekt unserer Allgemeinen Gesch\u00e4ftsbedingungen ben\u00f6tigen, z\u00f6gern Sie bitte nicht, uns zu kontaktieren. Wir danken Ihnen f\u00fcr Ihr Verst\u00e4ndnis und Ihre Mitarbeit.<\/p>\n<p><\/p>\n<p><\/p>\n<p><strong>Qualit\u00e4t des bereitgestellten Inhalts<\/strong><\/p>\n<p><\/p>\n<p><\/p>\n<p>Aufgrund der Natur von IPTV und der von ihr abh\u00e4ngigen Faktoren wie Internetdienstanbieter, Internetgeschwindigkeit, Bandbreite, Streaming-Quellen und vielen anderen Variablen k\u00f6nnen wir nicht garantieren, dass der Inhalt jederzeit zu 100 % funktioniert. Probleme wie Pufferung, Einfrieren oder Nicht-Funktionieren des Inhalts k\u00f6nnen auftreten.<\/p>\n<p><\/p>\n<p><\/p>\n<p>Um potenzielle Probleme zu minimieren, stellen Sie bitte sicher, dass Sie eine Hochgeschwindigkeits-Internetverbindung haben und \u00fcberpr\u00fcfen Sie, ob Ihr Dienstanbieter IPTV-Server zul\u00e4sst.<\/p>\n<p><\/p>\n<p><\/p>\n<p>Bitte beachten Sie, dass das Teilen Ihres Abonnements ebenfalls zu einer sofortigen K\u00fcndigung ohne Vorank\u00fcndigung f\u00fchren wird.<\/p>\n<p><\/p>\n<p><\/p>\n<p><strong>Nicht unterst\u00fctzte L\u00e4nder<\/strong><\/p>\n<p><\/p>\n<p><\/p>\n<p>Unser Service funktioniert weltweit, solange Ihr Internetdienstanbieter unsere Dienste nicht blockiert.<\/p>\n<p><\/p>\n<p><\/p>\n<p><strong>Datenverbrauchsgeb\u00fchren<\/strong><\/p>\n<p><\/p>\n<p><\/p>\n<p>Der Kunde ist f\u00fcr alle Ausgaben oder Geb\u00fchren im Zusammenhang mit der Nutzung ihrer Daten oder Internetkosten verantwortlich.<\/p>\n<p><\/p>\n<p><\/p>\n<p><strong>Informationen zur Verf\u00fcgung gestellt<\/strong><\/p>\n<p><\/p>\n<p><\/p>\n<p>Alle bereitgestellten Informationen oder Daten m\u00fcssen korrekt sein. Sie m\u00fcssen Eigent\u00fcmer sein oder das Recht haben, die Zahlungsmethode zu verwenden, um ein Produkt bei uns zu kaufen.<\/p>\n<p><\/p>\n<p><\/p>\n<p><strong>Anpassungen unserer Gesch\u00e4ftsbedingungen<\/strong><\/p>\n<p><\/p>\n<p><\/p>\n<p>Diese Gesch\u00e4ftsbedingungen k\u00f6nnen jederzeit ohne vorherige Ank\u00fcndigung ge\u00e4ndert werden, einschlie\u00dflich unserer Datenschutzrichtlinie, mit oder ohne Benachrichtigung an den Kunden. Jede \u00c4nderung tritt sofort nach Ver\u00f6ffentlichung in Kraft. Durch die weitere Nutzung unseres Dienstes und dieser Website nach einer \u00c4nderung erkennen Sie an, dass Sie die ge\u00e4nderten Bedingungen gelesen haben.<\/p>\n<p><\/p>\n<p><\/p>\n<p><strong>\u00c4nderungen an der VOD-Bibliothek<\/strong><\/p>\n<p><\/p>\n<p><\/p>\n<p>Die Anzahl der Kan\u00e4le und Filme in der VOD-Bibliothek kann sich jede Woche \u00e4ndern, wenn wir unsere Angebote aktualisieren.<\/p>\n<p><\/p>\n<p><\/p>\n<p><strong>Preise<\/strong><\/p>\n<p><\/p>\n<p><\/p>\n<p>Die von IPTV Palace angebotenen Dienste k\u00f6nnen jederzeit und ohne Vorank\u00fcndigung \u00c4nderungen und Aktualisierungen unterliegen.<\/p>\n<p><\/p>\n<p><\/p>\n<p>Rabatte und Sonderaktionen k\u00f6nnen jederzeit auftreten. Wenn ein Service vor einem Angebot gekauft wird, kann er nicht erstattet werden, um von diesem Angebot zu profitieren.<\/p>\n<p><\/p>\n<p><\/p>\n<p><strong>Abonnementsdetails<\/strong><\/p>\n<p><\/p>\n<p><\/p>\n<p>Sie m\u00fcssen die Details und Anweisungen beachten, bevor Sie ein IPTV-Abonnement bei uns kaufen oder im Falle von Problemen.<\/p>\n<p><\/p>\n<p><\/p>\n<p><strong>Suspension und Ausfallzeiten<\/strong><\/p>\n<p><\/p>\n<p><\/p>\n<p>Zus\u00e4tzlich zu unseren Rechten und Bedingungen zur K\u00fcndigung oder Deaktivierung des Abonnements best\u00e4tigen und akzeptieren Sie Ausfallzeiten aufgrund von Wartungsarbeiten am Server, Updates oder serverbezogenen Problemen. Sie werden \u00fcber diese Ereignisse nicht benachrichtigt, bis sie auftreten.<\/p>\n<p><\/p>\n<p><\/p>\n<p>Toutes les communications et conditions devant \u00eatre faites ou offertes en vertu de cet accord doivent \u00eatre en langue francais, anglaise. Nous avons l&rsquo;autorit\u00e9 et le droit de r\u00e9silier imm\u00e9diatement ou de limiter votre utilisation des Services ou l&rsquo;acc\u00e8s au Contenu \u00e0 tout moment, sans pr\u00e9avis ni responsabilit\u00e9, dans le cas o\u00f9 Swisstream.net d\u00e9terminerait \u00e0 sa seule discr\u00e9tion que vous avez enfreint l&rsquo;une des conditions ci-dessus, la loi ou la r\u00e9glementation concernant tout Contenu, y compris.<\/p>\n<p><\/p>\t\t\t\t\t\t\t\t<\/div>\n\t\t\t\t<\/div>\n\t\t\t\t\t<\/div>\n\t\t\t\t<\/div>\n\t\t\t\t<\/div>","protected":false},"excerpt":{"rendered":"<p>Termes et conditions Bienvenue sur Swisstream.net ! Nous appr\u00e9cions votre int\u00e9r\u00eat pour nos services. Avant de passer une commande, veuillez prendre un moment pour lire et comprendre nos termes et conditions. Votre satisfaction et une exp\u00e9rience fluide sont nos priorit\u00e9s. Aper\u00e7u des Services IPTV Swisstream.net propose des abonnements IPTV et des plans revendeurs IPTV, offrant [&hellip;]<\/p>\n","protected":false},"author":1,"featured_media":0,"parent":0,"menu_order":0,"comment_status":"closed","ping_status":"closed","template":"","meta":{"_monsterinsights_skip_tracking":false,"_monsterinsights_sitenote_active":false,"_monsterinsights_sitenote_note":"","_monsterinsights_sitenote_category":0,"footnotes":""},"class_list":["post-215","page","type-page","status-publish","hentry"],"yoast_head":"<!-- This site is optimized with the Yoast SEO plugin v27.5 - https:\/\/yoast.com\/product\/yoast-seo-wordpress\/ -->\n<title>Termes et conditions - Abonnement IPTV Suisse<\/title>\n<meta name=\"robots\" content=\"index, follow, max-snippet:-1, max-image-preview:large, max-video-preview:-1\" \/>\n<link rel=\"canonical\" href=\"https:\/\/swisstream.net\/de\/allgemeine-geschaftsbedingungen\/\" \/>\n<meta property=\"og:locale\" content=\"de_DE\" \/>\n<meta property=\"og:type\" content=\"article\" \/>\n<meta property=\"og:title\" content=\"Termes et conditions - Abonnement IPTV Suisse\" \/>\n<meta property=\"og:description\" content=\"Termes et conditions Bienvenue sur Swisstream.net ! Nous appr\u00e9cions votre int\u00e9r\u00eat pour nos services. Avant de passer une commande, veuillez prendre un moment pour lire et comprendre nos termes et conditions. Votre satisfaction et une exp\u00e9rience fluide sont nos priorit\u00e9s. Aper\u00e7u des Services IPTV Swisstream.net propose des abonnements IPTV et des plans revendeurs IPTV, offrant [&hellip;]\" \/>\n<meta property=\"og:url\" content=\"https:\/\/swisstream.net\/de\/allgemeine-geschaftsbedingungen\/\" \/>\n<meta property=\"og:site_name\" content=\"Abonnement IPTV Suisse\" \/>\n<meta property=\"article:modified_time\" content=\"2024-07-27T21:36:17+00:00\" \/>\n<meta property=\"og:image\" content=\"https:\/\/swisstream.net\/wp-content\/uploads\/2024\/04\/suisse-iptv-1.webp\" \/>\n\t<meta property=\"og:image:width\" content=\"1200\" \/>\n\t<meta property=\"og:image:height\" content=\"675\" \/>\n\t<meta property=\"og:image:type\" content=\"image\/webp\" \/>\n<meta name=\"twitter:card\" content=\"summary_large_image\" \/>\n<meta name=\"twitter:label1\" content=\"Gesch\u00e4tzte Lesezeit\" \/>\n\t<meta name=\"twitter:data1\" content=\"4\u00a0Minuten\" \/>\n<script type=\"application\/ld+json\" class=\"yoast-schema-graph\">{\"@context\":\"https:\\\/\\\/schema.org\",\"@graph\":[{\"@type\":\"WebPage\",\"@id\":\"https:\\\/\\\/swisstream.net\\\/termes-et-conditions\\\/\",\"url\":\"https:\\\/\\\/swisstream.net\\\/termes-et-conditions\\\/\",\"name\":\"Termes et conditions - Abonnement IPTV Suisse\",\"isPartOf\":{\"@id\":\"https:\\\/\\\/swisstream.net\\\/#website\"},\"datePublished\":\"2023-12-22T14:01:02+00:00\",\"dateModified\":\"2024-07-27T21:36:17+00:00\",\"breadcrumb\":{\"@id\":\"https:\\\/\\\/swisstream.net\\\/termes-et-conditions\\\/#breadcrumb\"},\"inLanguage\":\"de-CH\",\"potentialAction\":[{\"@type\":\"ReadAction\",\"target\":[\"https:\\\/\\\/swisstream.net\\\/termes-et-conditions\\\/\"]}]},{\"@type\":\"BreadcrumbList\",\"@id\":\"https:\\\/\\\/swisstream.net\\\/termes-et-conditions\\\/#breadcrumb\",\"itemListElement\":[{\"@type\":\"ListItem\",\"position\":1,\"name\":\"Home\",\"item\":\"https:\\\/\\\/swisstream.net\\\/\"},{\"@type\":\"ListItem\",\"position\":2,\"name\":\"Termes et conditions\"}]},{\"@type\":\"WebSite\",\"@id\":\"https:\\\/\\\/swisstream.net\\\/#website\",\"url\":\"https:\\\/\\\/swisstream.net\\\/\",\"name\":\"Swisstream\",\"description\":\"Abonnement IPTV Suisse \u2013 Test Gratuit Disponible\",\"publisher\":{\"@id\":\"https:\\\/\\\/swisstream.net\\\/#organization\"},\"alternateName\":\"swisstream iptv\",\"potentialAction\":[{\"@type\":\"SearchAction\",\"target\":{\"@type\":\"EntryPoint\",\"urlTemplate\":\"https:\\\/\\\/swisstream.net\\\/?s={search_term_string}\"},\"query-input\":{\"@type\":\"PropertyValueSpecification\",\"valueRequired\":true,\"valueName\":\"search_term_string\"}}],\"inLanguage\":\"de-CH\"},{\"@type\":\"Organization\",\"@id\":\"https:\\\/\\\/swisstream.net\\\/#organization\",\"name\":\"Swisstream\",\"alternateName\":\"swisstream iptv\",\"url\":\"https:\\\/\\\/swisstream.net\\\/\",\"logo\":{\"@type\":\"ImageObject\",\"inLanguage\":\"de-CH\",\"@id\":\"https:\\\/\\\/swisstream.net\\\/#\\\/schema\\\/logo\\\/image\\\/\",\"url\":\"https:\\\/\\\/swisstream.net\\\/wp-content\\\/uploads\\\/2024\\\/04\\\/WhatsApp-Image-2024-03-17-at-16.52.38_44da6d17.webp\",\"contentUrl\":\"https:\\\/\\\/swisstream.net\\\/wp-content\\\/uploads\\\/2024\\\/04\\\/WhatsApp-Image-2024-03-17-at-16.52.38_44da6d17.webp\",\"width\":1200,\"height\":1200,\"caption\":\"Swisstream\"},\"image\":{\"@id\":\"https:\\\/\\\/swisstream.net\\\/#\\\/schema\\\/logo\\\/image\\\/\"}}]}<\/script>\n<!-- \/ Yoast SEO plugin. -->","yoast_head_json":{"title":"Termes et conditions - Abonnement IPTV Suisse","robots":{"index":"index","follow":"follow","max-snippet":"max-snippet:-1","max-image-preview":"max-image-preview:large","max-video-preview":"max-video-preview:-1"},"canonical":"https:\/\/swisstream.net\/de\/allgemeine-geschaftsbedingungen\/","og_locale":"de_DE","og_type":"article","og_title":"Termes et conditions - Abonnement IPTV Suisse","og_description":"Termes et conditions Bienvenue sur Swisstream.net ! Nous appr\u00e9cions votre int\u00e9r\u00eat pour nos services. Avant de passer une commande, veuillez prendre un moment pour lire et comprendre nos termes et conditions. Votre satisfaction et une exp\u00e9rience fluide sont nos priorit\u00e9s. Aper\u00e7u des Services IPTV Swisstream.net propose des abonnements IPTV et des plans revendeurs IPTV, offrant [&hellip;]","og_url":"https:\/\/swisstream.net\/de\/allgemeine-geschaftsbedingungen\/","og_site_name":"Abonnement IPTV Suisse","article_modified_time":"2024-07-27T21:36:17+00:00","og_image":[{"width":1200,"height":675,"url":"https:\/\/swisstream.net\/wp-content\/uploads\/2024\/04\/suisse-iptv-1.webp","type":"image\/webp"}],"twitter_card":"summary_large_image","twitter_misc":{"Gesch\u00e4tzte Lesezeit":"4\u00a0Minuten"},"schema":{"@context":"https:\/\/schema.org","@graph":[{"@type":"WebPage","@id":"https:\/\/swisstream.net\/termes-et-conditions\/","url":"https:\/\/swisstream.net\/termes-et-conditions\/","name":"Termes et conditions - Abonnement IPTV Suisse","isPartOf":{"@id":"https:\/\/swisstream.net\/#website"},"datePublished":"2023-12-22T14:01:02+00:00","dateModified":"2024-07-27T21:36:17+00:00","breadcrumb":{"@id":"https:\/\/swisstream.net\/termes-et-conditions\/#breadcrumb"},"inLanguage":"de-CH","potentialAction":[{"@type":"ReadAction","target":["https:\/\/swisstream.net\/termes-et-conditions\/"]}]},{"@type":"BreadcrumbList","@id":"https:\/\/swisstream.net\/termes-et-conditions\/#breadcrumb","itemListElement":[{"@type":"ListItem","position":1,"name":"Home","item":"https:\/\/swisstream.net\/"},{"@type":"ListItem","position":2,"name":"Termes et conditions"}]},{"@type":"WebSite","@id":"https:\/\/swisstream.net\/#website","url":"https:\/\/swisstream.net\/","name":"Swisstream sind","description":"IPTV Schweiz Abo \u2013 Kostenloser Test Verf\u00fcgbar","publisher":{"@id":"https:\/\/swisstream.net\/#organization"},"alternateName":"swisstream iptv","potentialAction":[{"@type":"SearchAction","target":{"@type":"EntryPoint","urlTemplate":"https:\/\/swisstream.net\/?s={search_term_string}"},"query-input":{"@type":"PropertyValueSpecification","valueRequired":true,"valueName":"search_term_string"}}],"inLanguage":"de-CH"},{"@type":"Organization","@id":"https:\/\/swisstream.net\/#organization","name":"Swisstream sind","alternateName":"swisstream iptv","url":"https:\/\/swisstream.net\/","logo":{"@type":"ImageObject","inLanguage":"de-CH","@id":"https:\/\/swisstream.net\/#\/schema\/logo\/image\/","url":"https:\/\/swisstream.net\/wp-content\/uploads\/2024\/04\/WhatsApp-Image-2024-03-17-at-16.52.38_44da6d17.webp","contentUrl":"https:\/\/swisstream.net\/wp-content\/uploads\/2024\/04\/WhatsApp-Image-2024-03-17-at-16.52.38_44da6d17.webp","width":1200,"height":1200,"caption":"Swisstream"},"image":{"@id":"https:\/\/swisstream.net\/#\/schema\/logo\/image\/"}}]}},"_links":{"self":[{"href":"https:\/\/swisstream.net\/de\/wp-json\/wp\/v2\/pages\/215","targetHints":{"allow":["GET"]}}],"collection":[{"href":"https:\/\/swisstream.net\/de\/wp-json\/wp\/v2\/pages"}],"about":[{"href":"https:\/\/swisstream.net\/de\/wp-json\/wp\/v2\/types\/page"}],"author":[{"embeddable":true,"href":"https:\/\/swisstream.net\/de\/wp-json\/wp\/v2\/users\/1"}],"replies":[{"embeddable":true,"href":"https:\/\/swisstream.net\/de\/wp-json\/wp\/v2\/comments?post=215"}],"version-history":[{"count":6,"href":"https:\/\/swisstream.net\/de\/wp-json\/wp\/v2\/pages\/215\/revisions"}],"predecessor-version":[{"id":1228,"href":"https:\/\/swisstream.net\/de\/wp-json\/wp\/v2\/pages\/215\/revisions\/1228"}],"wp:attachment":[{"href":"https:\/\/swisstream.net\/de\/wp-json\/wp\/v2\/media?parent=215"}],"curies":[{"name":"wp","href":"https:\/\/api.w.org\/{rel}","templated":true}]}}